{"id":104,"date":"2014-10-17T16:35:52","date_gmt":"2014-10-17T14:35:52","guid":{"rendered":"http:\/\/www.mme-engineering.at\/?page_id=104"},"modified":"2014-11-26T18:24:30","modified_gmt":"2014-11-26T16:24:30","slug":"hydrometallurgyurban-mining","status":"publish","type":"page","link":"https:\/\/www.mme-engineering.at\/en\/hydrometallurgyurban-mining\/","title":{"rendered":"Hydrometallurgy\/Urban Mining"},"content":{"rendered":"<h1>Hydrometallurgy\/Urban Mining<\/h1>\n<div class=\"accordion-group\"><div class=\"accordion-heading\"><a class=\"accordion-toggle\" data-toggle=\"collapse\" href=\"#toggle_170344406069f2c29d562cf\"><i class=\"icon-sign switch-me\"><\/i> <\/p>\n<h2>The technological discipline of hydrometallurgy offers the opportunity for refining of pure metal fractions out of mixed raw material resources.<\/h2>\n<p><\/a><\/div><!-- .accordion-heading (end) --><div id=\"toggle_170344406069f2c29d562cf\" class=\"accordion-body collapse\"><div class=\"accordion-inner\"><p>To be able to carry out hydrometallurgical operations, the active materials first need to be transferred into the hydrous phase. Depending on chemical systems, either acids or bases are used. Hydrometallurgic processes are always designed from a process technology point of view in such a way that the disintegration agents used are regenerated and re-used. The goal is to design the hydrometallurgical processes such that they are closed loops as much as possible.<\/p>\n<p><strong>MME Engineering<\/strong> has vast knowledge of hydrometallurgical technologies, which are connected with regenerative technologies for the re-use of disintegration agents. MME Engineering has experience in the following areas.<\/p>\n<ul>\n<li>Recovery of raw materials containing aluminium<\/li>\n<li>Recycling secondary active materials that contain tungsten and cobalt (hard metal and heavy metal alloys)<\/li>\n<li>Control technologies\u00a0 for iron in hydrometallurgy<\/li>\n<li>Red sludge processing from the aluminium industry<\/li>\n<li>Recovery of pure metals form waste deposits or slags<\/li>\n<\/ul>\n<p>\n<\/div><!-- .accordion-inner (end) --><\/div><!-- .accordion-body (end) --><\/div><!-- .accordion-group (end) -->\n<div aria-hidden=\"true\" role=\"dialog\" tabindex=\"-1\" id=\"pupup_b1\" class=\"modal fade\" style=\"display: none;\">\n<div class=\"modal-dialog\">\n<div class=\"modal-content\">\n<div class=\"modal-header\">\n        <button data-dismiss=\"modal\" class=\"close\" type=\"button\">\u00d7<\/button><\/p>\n<h3>ore-based raw materials<\/h3>\n<\/p><\/div>\n<div class=\"modal-body\">\n        <img decoding=\"async\" src=\"http:\/\/www.mme-engineering.at\/wp-content\/themes\/akita-child\/images\/hydrometallic_image1.jpg\" alt=\"ore-based raw materials\" \/>\n      <\/div>\n<div class=\"modal-footer\">\n        <a data-dismiss=\"modal\" class=\"btn btn-default\" href=\"#\">Schlie\u00dfen<\/a>\n      <\/div>\n<\/p><\/div>\n<\/p><\/div>\n<\/div>\n<div aria-hidden=\"true\" role=\"dialog\" tabindex=\"-1\" id=\"pupup_b2\" class=\"modal fade\" style=\"display: none;\">\n<div class=\"modal-dialog\">\n<div class=\"modal-content\">\n<div class=\"modal-header\">\n        <button data-dismiss=\"modal\" class=\"close\" type=\"button\">\u00d7<\/button><\/p>\n<h3>Copperbased materials<\/h3>\n<\/p><\/div>\n<div class=\"modal-body\">\n        <img decoding=\"async\" src=\"http:\/\/www.mme-engineering.at\/wp-content\/themes\/akita-child\/images\/hydrometallic_image2.jpg\" alt=\"Copperbased materials\" \/>\n      <\/div>\n<div class=\"modal-footer\">\n        <a data-dismiss=\"modal\" class=\"btn btn-default\" href=\"#\">Schlie\u00dfen<\/a>\n      <\/div>\n<\/p><\/div>\n<\/p><\/div>\n<\/div>\n<div aria-hidden=\"true\" role=\"dialog\" tabindex=\"-1\" id=\"pupup_b3\" class=\"modal fade\" style=\"display: none;\">\n<div class=\"modal-dialog\">\n<div class=\"modal-content\">\n<div class=\"modal-header\">\n        <button data-dismiss=\"modal\" class=\"close\" type=\"button\">\u00d7<\/button><\/p>\n<h3>Cemented carbide scrap<\/h3>\n<\/p><\/div>\n<div class=\"modal-body\">\n        <img decoding=\"async\" src=\"http:\/\/www.mme-engineering.at\/wp-content\/themes\/akita-child\/images\/hydrometallic_image3.jpg\" alt=\"Cemented carbide scrap\" \/>\n      <\/div>\n<div class=\"modal-footer\">\n        <a data-dismiss=\"modal\" class=\"btn btn-default\" href=\"#\">Schlie\u00dfen<\/a>\n      <\/div>\n<\/p><\/div>\n<\/p><\/div>\n<\/div>\n<div aria-hidden=\"true\" role=\"dialog\" tabindex=\"-1\" id=\"pupup_li\" class=\"modal fade\" style=\"display: none;\">\n<div class=\"modal-dialog\">\n<div class=\"modal-content\">\n<div class=\"modal-header\">\n        <button data-dismiss=\"modal\" class=\"close\" type=\"button\">\u00d7<\/button><\/p>\n<h3>Recovery of Lithium from electrical energy storage Units<\/h3>\n<\/p><\/div>\n<div class=\"modal-body\">\n<p>As part of the growing electric mobility the topic of \u201cmobile power supply\u201d is of central importance. The current state-of-the-art technology for compact and mobile power supply units in electric vehicles is the Lithium-Ion battery.  In addition to this battery technology there are numerous other concepts based on nickel-cadmium or metal hydride technologies.  The Lithium battery is considered the most promising version for the future. For this reason the demand for Lithium will continue to rise, in conjunction with the increasing number of electric vehicles, and other devices, coming on the market.  The Lithium-Ion technology, however, is considered expensive. According to the current level of development of electric mobility the battery is the most expensive part of the electric car. This is also linked to the raw material supply of the market. An essential approach to the lowering of battery prices is, from MME\u2019s point of view, that technologies be made available which can recover the raw material Lithium as a pure substance from dead Lithium-Ion batteries, in order to feed it into a closed circuit of the manufacturing industry. Because Lithium-Ion batteries are made of a number of different materials the challenge is to design suitable technological concepts for separating the individual metal fractions. MME is rising to the challenge of establishing suitable recycling concepts.<\/p>\n<\/p><\/div>\n<div class=\"modal-footer\">\n        <a data-dismiss=\"modal\" class=\"btn btn-default\" href=\"#\">Close<\/a>\n      <\/div>\n<\/p><\/div>\n<\/p><\/div>\n<\/div>\n<div aria-hidden=\"true\" role=\"dialog\" tabindex=\"-1\" id=\"pupup_w\" class=\"modal fade\" style=\"display: none;\">\n<div class=\"modal-dialog\">\n<div class=\"modal-content\">\n<div class=\"modal-header\">\n        <button data-dismiss=\"modal\" class=\"close\" type=\"button\">\u00d7<\/button><\/p>\n<h3>Recycling secondary raw materials containing tungsten and cobalt  (hardmetal and heavy metal alloys)<\/h3>\n<\/p><\/div>\n<div class=\"modal-body\">\n<p>Based on the academic work and multi-years of research by our company\u2019s founder in the field of tungsten and cobalt chemistry, MME Engineering has a deep understanding of this metallurgical discipline. Also in the field of refractory metallurgy, the topic of recycling is getting more important. MME Engineering has the know-how for processing secondary raw materials containing tungsten based on hydrometallurgical process operations for extracting the pure metals tungsten, cobalt, nickel, iron, titanium etc.<\/p>\n<\/p><\/div>\n<div class=\"modal-footer\">\n        <a data-dismiss=\"modal\" class=\"btn btn-default\" href=\"#\">Close<\/a>\n      <\/div>\n<\/p><\/div>\n<\/p><\/div>\n<\/div>\n<div aria-hidden=\"true\" role=\"dialog\" tabindex=\"-1\" id=\"pupup_co\" class=\"modal fade\" style=\"display: none;\">\n<div class=\"modal-dialog\">\n<div class=\"modal-content\">\n<div class=\"modal-header\">\n        <button data-dismiss=\"modal\" class=\"close\" type=\"button\">\u00d7<\/button><\/p>\n<h3>Hydrometallurgy of cobalt<\/h3>\n<\/p><\/div>\n<div class=\"modal-body\">\n<p>The chemistry of cobalt is strictly linked to the recycling of cemented carbide scraps. This strategic important raw material is needed for the production of hardmetal alloys as binder phase. Additionally cobalt is applied as alloying component in High-speed steels and superalloys like INCONEL. Further examples for the field of applications are catalysts, which are used for desulphurization in the petrochemical section, so called Hydrofiner.<\/p>\n<p>Cobalt is a quite seldom element. It comprises only about 0.004% of the earth\u00b4s crust. The well-known cobalt deposits are located in political unstable regions, for example in the Republic Kongo. This country is the biggest producer of cobalt bearing ores. Because of it\u00b4s outstanding role in the high technology sector it is very important for the western world to have technologies for keeping the raw material circuit closed.<\/p>\n<\/p><\/div>\n<div class=\"modal-footer\">\n        <a data-dismiss=\"modal\" class=\"btn btn-default\" href=\"#\">Close<\/a>\n      <\/div>\n<\/p><\/div>\n<\/p><\/div>\n<\/div>\n<div aria-hidden=\"true\" role=\"dialog\" tabindex=\"-1\" id=\"pupup_pe\" class=\"modal fade\" style=\"display: none;\">\n<div class=\"modal-dialog\">\n<div class=\"modal-content\">\n<div class=\"modal-header\">\n        <button data-dismiss=\"modal\" class=\"close\" type=\"button\">\u00d7<\/button><\/p>\n<h3>Extracting elemental metals from urban repositories<\/h3>\n<\/p><\/div>\n<div class=\"modal-body\">\n<p>The overarching term \u201cUrban Mining\u201d is used in the professional world and stands for increasing readiness also in the field of assuring a supply of raw materials to describe concepts for developing ways to extract valuable materials from existing waste storage facilities in order to feed these back into the production industry. MME Engineering\u2019s approach to this topic lies in hydrometallurgical concepts. Old repositories which in some cases store several different metals, are transitioned to the hydrous phase by means of chemical decomposition.  By means of steps of separation, one can extract elemental metals.<\/p>\n<\/p><\/div>\n<div class=\"modal-footer\">\n        <a data-dismiss=\"modal\" class=\"btn btn-default\" href=\"#\">Close<\/a>\n      <\/div>\n<\/p><\/div>\n<\/p><\/div>\n<\/div>\n<div aria-hidden=\"true\" role=\"dialog\" tabindex=\"-1\" id=\"pupup_fe\" class=\"modal fade\" style=\"display: none;\">\n<div class=\"modal-dialog\">\n<div class=\"modal-content\">\n<div class=\"modal-header\">\n        <button data-dismiss=\"modal\" class=\"close\" type=\"button\">\u00d7<\/button><\/p>\n<h3>Control technologies for iron \/ Red sludge processing<\/h3>\n<\/p><\/div>\n<div class=\"modal-body\">\n<h4>Control Technologies for iron in  hydrometallurgy<\/h4>\n<p>Iron  is present as an associated material in nearly all initial materials. The topic of iron control is the object of continuous professional discussion, which shows how important this topic is for refining in hydrometallurgy. The hydrolytic precipitation of haematite from salt acids or sulphuric acid solutions is a technological possibility for selective separation of the iron fraction from hydrous leachates. This process is known in the literature under the name \u201cPORI-process\u201d and can be used  in combination with many other hydrometallurgical process steps for shaping new hydrometallurgical processes.<\/p>\n<h4>Red sludge processing from the  aluminium industry<\/h4>\n<p>Red sludge is a ferrous by-product from extraction of aluminium from its ores. The classical process is called the Bayer-process. The characteristic colour from its ores comes from iron (III)-compounds. Mostly these are Fe(OH)3 or Fe2O3. Along with iron, depending on the origin of the ore, there are considerable amounts of TiO2presenting red sludges. They can also contain traces of poisonous heavy metals such as mercury, cadmium, chromium, arsenic. The red sludges are deposited and mostly not fed into additional processing. This depositing becomes an environmental problem when poisonous substances from a deposit get into the ground water or dams break and contaminate entire swathes of land, such as happened in Hungary in 2010.<\/p>\n<p><strong>MME Engineering<\/strong> is in the position to make a technological contribution to the processing of red sludges and extracting iron.<\/p>\n<\/p><\/div>\n<div class=\"modal-footer\">\n        <a data-dismiss=\"modal\" class=\"btn btn-default\" href=\"#\">Close<\/a>\n      <\/div>\n<\/p><\/div>\n<\/p><\/div>\n<\/div>\n<div aria-hidden=\"true\" role=\"dialog\" tabindex=\"-1\" id=\"pupup_cu\" class=\"modal fade\" style=\"display: none;\">\n<div class=\"modal-dialog\">\n<div class=\"modal-content\">\n<div class=\"modal-header\">\n        <button data-dismiss=\"modal\" class=\"close\" type=\"button\">\u00d7<\/button><\/p>\n<h3>Separation of copper from metallic and inorganic mixed fractions<\/h3>\n<\/p><\/div>\n<div class=\"modal-body\">\n<p>Copper was one of the first metals that brought humankind forward in its technological development. It is certainly a metal that is still of great significance in technology today. It is difficult to replace with other metals particularly in the electro-technical field. Virtually all electrical and electro-technical components are manufactured out of a variety of different metals. A homogenous separation of copper requires corresponding knowledge of the hydrometallurgical chemical composition. MME knows the corresponding technological strategies for recovery of copper from secondary raw materials, such as slag and scrap metal. In the discipline of hydrometallurgy there are many technological concepts possible in order to achieve the desired Goal.<\/p>\n<\/p><\/div>\n<div class=\"modal-footer\">\n        <a data-dismiss=\"modal\" class=\"btn btn-default\" href=\"#\">Close<\/a>\n      <\/div>\n<\/p><\/div>\n<\/p><\/div>\n<\/div>\n<div aria-hidden=\"true\" role=\"dialog\" tabindex=\"-1\" id=\"pupup_al\" class=\"modal fade\" style=\"display: none;\">\n<div class=\"modal-dialog\">\n<div class=\"modal-content\">\n<div class=\"modal-header\">\n        <button data-dismiss=\"modal\" class=\"close\" type=\"button\">\u00d7<\/button><\/p>\n<h3>Recovery of raw materials containing aluminium<\/h3>\n<\/p><\/div>\n<div class=\"modal-body\">\n<p>Practically the only process for extracting aluminium used today is the so-called Bayer-process. In this process bauxiteis disintegrated under pressure using sodium hydroxide solution at 180\u00b0C. Here the aluminium selectively precipitates as Na[Al(OH)4], while the iron is separated as oxide-hydrate (red sludge) by means of filtration. Due to the fine distribution of the precipitant, the filtration is often plagued by considerable technical problems. The aluminium fraction is brought to crystallisation and then converted into aluminium oxide at around 1200\u00b0C . The silicon dioxide from the bauxite converts into sodium-aluminium silicate in wet extraction, which precipitates together with red sludge. The formation of these silicates is then associated with losses of aluminium, which naturally increase with higher concentrations of SiO2 in the bauxite.For this reason there is limited applicability for the classical Bayer-process, which has been constantly optimised over the decades, stemming from the composition of the initial materials.<\/p>\n<p><strong>MME Engineering<\/strong> has know-how concerning alternative routes for extracting aluminium out from primary or secondary raw materials with high proportions of silicate and\/or high iron concentrations. With these procedures it is possible specifically to process raw materials with low concentrations of aluminium. Simultaneous separation of iron and aluminium is the key point in this procedure.<\/p>\n<\/p><\/div>\n<div class=\"modal-footer\">\n        <a data-dismiss=\"modal\" class=\"btn btn-default\" href=\"#\">Close<\/a>\n      <\/div>\n<\/p><\/div>\n<\/p><\/div>\n<\/div>\n<p id=\"imagemap\">\n  <img loading=\"lazy\" decoding=\"async\" id=\"seite_hydrometallurgyurbanmining\" src=\"\/wp-content\/themes\/akita-child\/images\/seite_hydrometallurgyurbanmining.png\" alt=\"Hydrometallurgy\/Urban Mining\" usemap=\"#m_seite_hydrometallurgyurbanmining\" width=\"880\" height=\"880\" name=\"seite_hydrometallurgyurbanmining\" \/>\n<\/p>\n<map id=\"m_seite_hydrometallurgyurbanmining\" name=\"m_seite_hydrometallurgyurbanmining\">\n<area data-toggle=\"modal\" class=\"btn btn-primary\" href=\"#pupup_b1\" title=\"ore-based raw materials\" alt=\"ore-based raw materials\" shape=\"rect\" coords=\"156,170,344,279\" \/>\n<area data-toggle=\"modal\" class=\"btn btn-primary\" href=\"#pupup_b2\" title=\"Copperbased materials\" alt=\"Copperbased materials\" shape=\"rect\" coords=\"579,266,768,374\" \/>\n<area data-toggle=\"modal\" class=\"btn btn-primary\" href=\"#pupup_b3\" title=\"Cemented carbide scrap\" alt=\"Cemented carbide scrap\" shape=\"rect\" coords=\"102,374,291,482\" \/>\n<area data-toggle=\"modal\" class=\"btn btn-primary\" href=\"#pupup_li\" title=\"Recovery of Lithium from electrical energy storage Units\" alt=\"Recovery of Lithium from electrical energy storage Units\" coords=\"279,565, 43\" shape=\"circle\" \/>\n<area data-toggle=\"modal\" class=\"btn btn-primary\" href=\"#pupup_w\" title=\"Recycling secondary raw materials containing tungsten and cobalt (hardmetal and heavy metal alloys)\" alt=\"Recycling secondary raw materials containing tungsten and cobalt (hardmetal and heavy metal alloys)\" coords=\"299,663, 43\" shape=\"circle\" \/>\n<area data-toggle=\"modal\" class=\"btn btn-primary\" href=\"#pupup_co\" title=\"Hydrometallurgy of cobalt\" alt=\"Hydrometallurgy of cobalt\" coords=\"351,745, 43\" shape=\"circle\" \/>\n<area data-toggle=\"modal\" class=\"btn btn-primary\" href=\"#pupup_pe\" title=\"Extracting elemental metals from urban repositories\" alt=\"Extracting elemental metals from urban repositories\" coords=\"444,775, 43\" shape=\"circle\" \/>\n<area data-toggle=\"modal\" class=\"btn btn-primary\" href=\"#pupup_fe\" title=\"Control technologies for iron \/ Red sludge processing\" alt=\"Control technologies for iron \/ Red sludge processing\" coords=\"536,745, 43\" shape=\"circle\" \/>\n<area data-toggle=\"modal\" class=\"btn btn-primary\" href=\"#pupup_cu\" title=\"Separation of copper from metallic and inorganic mixed fractions\" alt=\"Separation of copper from metallic and inorganic mixed fractions\" coords=\"584,659, 43\" shape=\"circle\" \/>\n<area data-toggle=\"modal\" class=\"btn btn-primary\" href=\"#pupup_al\" title=\"Recovery of raw materials containing aluminium\" alt=\"Recovery of raw materials containing aluminium\" coords=\"607,563, 43\" shape=\"circle\" \/>\n<\/map>\n<p class=\"btnProjAndTech\"><a href=\"\/en\/hydrometallurgyurban-mining\/projects-and-technologies\" title=\"Projects and technologies\" class=\"btn btn-primary btn-large btn-shortcode\" target=\"_self\">Projects and technologies<\/a><\/p>\n<p class=\"btnDownloadFolder\"><a href=\"\/Downloads\/MME_Folder_HydrometallurgyUrbanMining.pdf\" title=\"Download Folder &#8220;Hydrometallurgy Urban Mining&#8221; &#8230;\" class=\"btn btn-primary btn-shortcode\" target=\"_blank\">Download Folder &#8220;Hydrometallurgy Urban Mining&#8221; &#8230;<\/a><\/p>\n","protected":false},"excerpt":{"rendered":"<p>Hydrometallurgy\/Urban Mining \u00d7 ore-based raw materials Schlie\u00dfen \u00d7 Copperbased materials Schlie\u00dfen \u00d7 Cemented carbide scrap Schlie\u00dfen \u00d7 Recovery of Lithium from electrical energy storage Units As part of the growing electric mobility the topic of \u201cmobile power supply\u201d is of central importance. The current state-of-the-art technology for compact and mobile power supply units in electric [&hellip;]<\/p>\n","protected":false},"author":2,"featured_media":0,"parent":0,"menu_order":0,"comment_status":"closed","ping_status":"closed","template":"template_builder.php","meta":{"footnotes":""},"class_list":["post-104","page","type-page","status-publish","hentry"],"aioseo_notices":[],"_links":{"self":[{"href":"https:\/\/www.mme-engineering.at\/en\/wp-json\/wp\/v2\/pages\/104","targetHints":{"allow":["GET"]}}],"collection":[{"href":"https:\/\/www.mme-engineering.at\/en\/wp-json\/wp\/v2\/pages"}],"about":[{"href":"https:\/\/www.mme-engineering.at\/en\/wp-json\/wp\/v2\/types\/page"}],"author":[{"embeddable":true,"href":"https:\/\/www.mme-engineering.at\/en\/wp-json\/wp\/v2\/users\/2"}],"replies":[{"embeddable":true,"href":"https:\/\/www.mme-engineering.at\/en\/wp-json\/wp\/v2\/comments?post=104"}],"version-history":[{"count":33,"href":"https:\/\/www.mme-engineering.at\/en\/wp-json\/wp\/v2\/pages\/104\/revisions"}],"predecessor-version":[{"id":669,"href":"https:\/\/www.mme-engineering.at\/en\/wp-json\/wp\/v2\/pages\/104\/revisions\/669"}],"wp:attachment":[{"href":"https:\/\/www.mme-engineering.at\/en\/wp-json\/wp\/v2\/media?parent=104"}],"curies":[{"name":"wp","href":"https:\/\/api.w.org\/{rel}","templated":true}]}}