{"id":83,"date":"2014-10-17T15:32:33","date_gmt":"2014-10-17T13:32:33","guid":{"rendered":"http:\/\/www.mme-engineering.at\/?page_id=83"},"modified":"2014-11-21T11:10:48","modified_gmt":"2014-11-21T09:10:48","slug":"impressum","status":"publish","type":"page","link":"https:\/\/www.mme-engineering.at\/de\/impressum\/","title":{"rendered":"Impressum"},"content":{"rendered":"<h1>Impressum<\/h1>\n<p>MME Engineering e.U.<br \/>\nDr. Roman Schiesser<br \/>\nNussdorfer Strasse 55\/19, 1090 Vienna | AUSTRIA<\/p>\n<p><a title=\"Mail an Roman Schiesser senden...\" href=\"mailto:roman.schiesser@mme-engineering.at\">roman.schiesser@mme-engineering.at<\/a><br \/>\n<a href=\"http:\/\/www.mme-engineering.at\">www.mme-engineering.at<\/a><br \/>\n+43 (0) 9580851 | +43 (0)699 11096912<\/p>\n<p><a href=\"http:\/\/www.wkoecg.at\/Web\/Ecg.aspx?FirmaID=dfdfcddb-d748-416b-97a3-b8ac2f7f63af\" target=\"_blank\"><br \/>\n<img decoding=\"async\" style=\"border-width: 0px;\" src=\"http:\/\/www.wkoecg.at\/Web\/Library\/Images\/faz\/ecg.gif\" alt=\"Informationen zu E-Commerce und Mediengesetz\" \/><\/a><\/p>\n<p>&nbsp;<\/p>\n<h2>Datenschutzhinweis Google Analytics<\/h2>\n<p>Diese Website benutzt Google Analytics, einen Webanalysedienst der Google Inc. (\u201eGoogle\u201c). Google Analytics verwendet sog. \u201eCookies\u201c, Textdateien, die auf Ihrem Computer gespeichert werden und die eine Analyse der Benutzung der Website durch Sie erm\u00f6glichen. Die durch den Cookie erzeugten Informationen \u00fcber Ihre Benutzung dieser Website werden in der Regel an einen Server von Google in den USA \u00fcbertragen und dort gespeichert. Im Falle der Aktivierung der IP-Anonymisierung auf dieser Webseite, wird Ihre IP-Adresse von Google jedoch innerhalb von Mitgliedstaaten der Europ\u00e4ischen Union oder in anderen Vertragsstaaten des Abkommens \u00fcber den Europ\u00e4ischen Wirtschaftsraum zuvor gek\u00fcrzt. Nur in Ausnahmef\u00e4llen wird die volle IP-Adresse an einen Server von Google in den USA \u00fcbertragen und dort gek\u00fcrzt. Im Auftrag des Betreibers dieser Website wird Google diese Informationen benutzen, um Ihre Nutzung der Website auszuwerten, um Reports \u00fcber die Websiteaktivit\u00e4ten zusammenzustellen und um weitere mit der Websitenutzung und der Internetnutzung verbundene Dienstleistungen gegen\u00fcber dem Websitebetreiber zu erbringen. Die im Rahmen von Google Analytics von Ihrem Browser \u00fcbermittelte IP-Adresse wird nicht mit anderen Daten von Google zusammengef\u00fchrt. Sie k\u00f6nnen die Speicherung der Cookies durch eine entsprechende Einstellung Ihrer Browser-Software verhindern; wir weisen Sie jedoch darauf hin, dass Sie in diesem Fall gegebenenfalls nicht s\u00e4mtliche Funktionen dieser Website vollumf\u00e4nglich werden nutzen k\u00f6nnen. Sie k\u00f6nnen dar\u00fcber hinaus die Erfassung der durch das Cookie erzeugten und auf Ihre Nutzung der Website bezogenen Daten (inkl. Ihrer IP-Adresse) an Google sowie die Verarbeitung dieser Daten durch Google verhindern, indem sie das unter dem folgenden Link verf\u00fcgbare Browser-Plugin herunterladen und installieren: http:\/\/tools.google.com\/dlpage\/gaoptout?hl=de<\/p>\n<p>&nbsp;<\/p>\n<h3>Design &amp; Implementierung<\/h3>\n<p><a class=\"coolitlogo\" title=\"cool IT GmbH\" href=\"http:\/\/www.cool-it.at\" target=\"_blank\"><img decoding=\"async\" src=\"\/wp-content\/themes\/akita-child\/images\/logo_coolIT.png\" alt=\"Logo cool IT GmbH\" \/><\/a><br \/>\ncool IT GmbH \u2013 Ihr Partner f\u00fcr individuelle Webl\u00f6sungen<\/p>\n<p><a class=\"coolitlogo\" title=\"WerbesService - die Agentur\" href=\"http:\/\/www.werbeservice.at\" target=\"_blank\"><img decoding=\"async\" src=\"\/wp-content\/themes\/akita-child\/images\/logo_Werbeservice.png\" alt=\"Logo Werbeservice\" \/><\/a><br \/>\nWerbeService \u2013 die Agentur<\/p>\n<p>&nbsp;<\/p>\n","protected":false},"excerpt":{"rendered":"<p>Impressum MME Engineering e.U. Dr. Roman Schiesser Nussdorfer Strasse 55\/19, 1090 Vienna | AUSTRIA roman.schiesser@mme-engineering.at www.mme-engineering.at +43 (0) 9580851 | +43 (0)699 11096912 &nbsp; Datenschutzhinweis Google Analytics Diese Website benutzt Google Analytics, einen Webanalysedienst der Google Inc. (\u201eGoogle\u201c). Google Analytics verwendet sog. \u201eCookies\u201c, Textdateien, die auf Ihrem Computer gespeichert werden und die eine Analyse der [&hellip;]<\/p>\n","protected":false},"author":2,"featured_media":0,"parent":0,"menu_order":0,"comment_status":"closed","ping_status":"closed","template":"template_builder.php","meta":{"footnotes":""},"class_list":["post-83","page","type-page","status-publish","hentry"],"aioseo_notices":[],"_links":{"self":[{"href":"https:\/\/www.mme-engineering.at\/de\/wp-json\/wp\/v2\/pages\/83","targetHints":{"allow":["GET"]}}],"collection":[{"href":"https:\/\/www.mme-engineering.at\/de\/wp-json\/wp\/v2\/pages"}],"about":[{"href":"https:\/\/www.mme-engineering.at\/de\/wp-json\/wp\/v2\/types\/page"}],"author":[{"embeddable":true,"href":"https:\/\/www.mme-engineering.at\/de\/wp-json\/wp\/v2\/users\/2"}],"replies":[{"embeddable":true,"href":"https:\/\/www.mme-engineering.at\/de\/wp-json\/wp\/v2\/comments?post=83"}],"version-history":[{"count":18,"href":"https:\/\/www.mme-engineering.at\/de\/wp-json\/wp\/v2\/pages\/83\/revisions"}],"predecessor-version":[{"id":640,"href":"https:\/\/www.mme-engineering.at\/de\/wp-json\/wp\/v2\/pages\/83\/revisions\/640"}],"wp:attachment":[{"href":"https:\/\/www.mme-engineering.at\/de\/wp-json\/wp\/v2\/media?parent=83"}],"curies":[{"name":"wp","href":"https:\/\/api.w.org\/{rel}","templated":true}]}}