{"id":69,"date":"2014-10-17T15:20:59","date_gmt":"2014-10-17T13:20:59","guid":{"rendered":"http:\/\/www.mme-engineering.at\/?page_id=69"},"modified":"2014-11-26T17:57:32","modified_gmt":"2014-11-26T15:57:32","slug":"hydrometallurgyurban-mining","status":"publish","type":"page","link":"https:\/\/www.mme-engineering.at\/de\/hydrometallurgyurban-mining\/","title":{"rendered":"Hydrometallurgy\/Urban Mining"},"content":{"rendered":"<h1>Hydrometallurgy\/Urban Mining<\/h1>\n<div class=\"accordion-group\"><div class=\"accordion-heading\"><a class=\"accordion-toggle\" data-toggle=\"collapse\" href=\"#toggle_33981841069e049adbe29c\"><i class=\"icon-sign switch-me\"><\/i> <\/p>\n<h2>Die technologische Disziplin der Hydrometallurgie bietet die M\u00f6glichkeit der Raffination von Reinmetallen aus metallhaltigen Mischfraktionen.<\/h2>\n<p><\/a><\/div><!-- .accordion-heading (end) --><div id=\"toggle_33981841069e049adbe29c\" class=\"accordion-body collapse\"><div class=\"accordion-inner\"><p>Um hydrometallurgische Operationen durchf\u00fchren zu k\u00f6nnen, m\u00fcssen die Wertstoffe zun\u00e4chst in die w\u00e4ssrige Phase \u00fcberf\u00fchrt werden. In Abh\u00e4ngigkeit vom chemischen System kommen saure oder alkalische Aufschlussmittel zum Einsatz. Hydrometallurgische Prozesse werden aus verfahrenstechnischer Sicht immer so gestaltet, dass die eingesetzten Aufschlussmittel regeneriert und wiederverwertet werden. Ziel ist es, hydrometallurgische Prozesse mit m\u00f6glichst geschlossenen Chemikalienkreisl\u00e4ufen (Closed Loops) zu gestalten.<\/p>\n<p><strong>MME Engineering<\/strong> verf\u00fcgt \u00fcber ein breites Wissen \u00fcber hydrometallurgische Technologien, die in Verbindung mit Regenerationstechnologien zur Wiederverwendung von Aufschlussmittel stehen. In den folgenden Themenschwerpunkten hat MME Engineering Erfahrung.<\/p>\n<ul>\n<li>Aufarbeitung aluminiumh\u00e4ltiger Ausgangsstoffe<\/li>\n<li>Recycling von wolfram- und cobalth\u00e4ltiger Sekund\u00e4rwertstoffe (Hartmetall und Schwermetalllegierungen)<\/li>\n<li>Kontrolltechnologien f\u00fcr Eisen in der Hydrometallurgie<\/li>\n<li>Rotschlammaufarbeitung aus der Aluminiumindustrie<\/li>\n<li>Gewinnung von Reinmetallen aus urbanen Lagerst\u00e4tten<\/li>\n<\/ul>\n<p>\n<\/div><!-- .accordion-inner (end) --><\/div><!-- .accordion-body (end) --><\/div><!-- .accordion-group (end) -->\n<div aria-hidden=\"true\" role=\"dialog\" tabindex=\"-1\" id=\"pupup_b1\" class=\"modal fade\" style=\"display: none;\">\n<div class=\"modal-dialog\">\n<div class=\"modal-content\">\n<div class=\"modal-header\">\n        <button data-dismiss=\"modal\" class=\"close\" type=\"button\">\u00d7<\/button><\/p>\n<h3>Erzrohstoffe<\/h3>\n<\/p><\/div>\n<div class=\"modal-body\">\n        <img decoding=\"async\" src=\"http:\/\/www.mme-engineering.at\/wp-content\/themes\/akita-child\/images\/hydrometallic_image1.jpg\" alt=\"Erzrohstoffe\" \/>\n      <\/div>\n<div class=\"modal-footer\">\n        <a data-dismiss=\"modal\" class=\"btn btn-default\" href=\"#\">Schlie\u00dfen<\/a>\n      <\/div>\n<\/p><\/div>\n<\/p><\/div>\n<\/div>\n<div aria-hidden=\"true\" role=\"dialog\" tabindex=\"-1\" id=\"pupup_b2\" class=\"modal fade\" style=\"display: none;\">\n<div class=\"modal-dialog\">\n<div class=\"modal-content\">\n<div class=\"modal-header\">\n        <button data-dismiss=\"modal\" class=\"close\" type=\"button\">\u00d7<\/button><\/p>\n<h3>Kupferbasierte Ausgangsstoffe<\/h3>\n<\/p><\/div>\n<div class=\"modal-body\">\n        <img decoding=\"async\" src=\"http:\/\/www.mme-engineering.at\/wp-content\/themes\/akita-child\/images\/hydrometallic_image2.jpg\" alt=\"Kupferbasierte Ausgangsstoffe\" \/>\n      <\/div>\n<div class=\"modal-footer\">\n        <a data-dismiss=\"modal\" class=\"btn btn-default\" href=\"#\">Schlie\u00dfen<\/a>\n      <\/div>\n<\/p><\/div>\n<\/p><\/div>\n<\/div>\n<div aria-hidden=\"true\" role=\"dialog\" tabindex=\"-1\" id=\"pupup_b3\" class=\"modal fade\" style=\"display: none;\">\n<div class=\"modal-dialog\">\n<div class=\"modal-content\">\n<div class=\"modal-header\">\n        <button data-dismiss=\"modal\" class=\"close\" type=\"button\">\u00d7<\/button><\/p>\n<h3>Hartmetallschrott<\/h3>\n<\/p><\/div>\n<div class=\"modal-body\">\n        <img decoding=\"async\" src=\"http:\/\/www.mme-engineering.at\/wp-content\/themes\/akita-child\/images\/hydrometallic_image3.jpg\" alt=\"Hartmetallschrott\" \/>\n      <\/div>\n<div class=\"modal-footer\">\n        <a data-dismiss=\"modal\" class=\"btn btn-default\" href=\"#\">Schlie\u00dfen<\/a>\n      <\/div>\n<\/p><\/div>\n<\/p><\/div>\n<\/div>\n<div aria-hidden=\"true\" role=\"dialog\" tabindex=\"-1\" id=\"pupup_li\" class=\"modal fade\" style=\"display: none;\">\n<div class=\"modal-dialog\">\n<div class=\"modal-content\">\n<div class=\"modal-header\">\n        <button data-dismiss=\"modal\" class=\"close\" type=\"button\">\u00d7<\/button><\/p>\n<h3>R\u00fcckgewinnung von Lithium aus elektrischen Energiespeichereinheiten<\/h3>\n<\/p><\/div>\n<div class=\"modal-body\">\n<p>Im Zuge der aufkeimenden Elektromobilit\u00e4t ist das Thema \u201eMobile Stromversorgung\u201c von zentraler Bedeutung. Der momentane Stand der Technik f\u00fcr kompakte und mobile Stromversorgungseinheiten in Elektrofahrzeugen ist der Lithium-Ionen-Akku. Neben dieser Akku-Technologie gibt es noch zahlreiche andere Konzepte auf Basis Nickel-Cadmium oder Metallhydrid-Technologien. Der Lithium-Akku gilt als aussichtsreichste Variante f\u00fcr die Zukunft. Aus diesem Grund wird die Nachfrage nach Lithium zusammen mit immer mehr auf den Markt kommenden Elektroautomobilen und anderen Ger\u00e4ten weiter zunehmen. Die Lithium-Ionen-Technologie gilt jedoch als teuer. Nach dem aktuellen Stand der Entwicklungsstufe der Elektromobilit\u00e4t ist die Batterie das Teuerste am Elektroauto. Dies h\u00e4ngt auch mit der Rohstoffversorgung des Marktes zusammen. Ein wesentlicher Ansatz zur Reduktion der Akkupreise ist aus Sicht von MME der, dass Technologien zur Verf\u00fcgung gestellt werden, die den Rohstoff Lithium aus kaputten Lithium-Ionen-Akkumulatoren als Reinstoff r\u00fcckgewonnen werden soll, um diesen in einem geschlossenem Kreislauf der produzierenden Industrie zugef\u00fchrt wird. Da Lithium-Ionen-Akkumulatoren aus einer Vielzahl an unterschiedlichen Werkstoffen bestehen, ist nun die Herausforderung die, passende technologische Konzepte zur Separation der einzelnen Metallfraktionen zu designen. MME stellt sich der Herausforderung geeignete Recycling-Konzepte zu etablieren.<\/p>\n<\/p><\/div>\n<div class=\"modal-footer\">\n        <a data-dismiss=\"modal\" class=\"btn btn-default\" href=\"#\">Schlie\u00dfen<\/a>\n      <\/div>\n<\/p><\/div>\n<\/p><\/div>\n<\/div>\n<div aria-hidden=\"true\" role=\"dialog\" tabindex=\"-1\" id=\"pupup_w\" class=\"modal fade\" style=\"display: none;\">\n<div class=\"modal-dialog\">\n<div class=\"modal-content\">\n<div class=\"modal-header\">\n        <button data-dismiss=\"modal\" class=\"close\" type=\"button\">\u00d7<\/button><\/p>\n<h3>Recycling von wolfram- und cobalth\u00e4ltiger Sekund\u00e4rwertstoffe (Hartmetall und Schwermetalllegierungen)<\/h3>\n<\/p><\/div>\n<div class=\"modal-body\">\n<p>Aufgrund der akademischen Arbeit und einer mehrj\u00e4hrigen Forschungst\u00e4tigkeit des Firmengr\u00fcnders im Bereich der Wolfram- und Kobaltchemie hat MME Engineering ein tiefes Verst\u00e4ndnis f\u00fcr diese metallurgische Disziplin. Auch im Bereich der Refrakt\u00e4rmetallurgie wird das Thema Recycling immer wichtiger. MME Engineering hat das Know How \u00fcber die Aufarbeitung von wolframh\u00e4ltigen Sekund\u00e4rrohstoffen auf Basis hydrometallurgischer Prozessoperationen zur Gewinnung der Reinmetalle Wolfram, Kobalt, Nickel, Eise etc.<\/p>\n<\/p><\/div>\n<div class=\"modal-footer\">\n        <a data-dismiss=\"modal\" class=\"btn btn-default\" href=\"#\">Schlie\u00dfen<\/a>\n      <\/div>\n<\/p><\/div>\n<\/p><\/div>\n<\/div>\n<div aria-hidden=\"true\" role=\"dialog\" tabindex=\"-1\" id=\"pupup_co\" class=\"modal fade\" style=\"display: none;\">\n<div class=\"modal-dialog\">\n<div class=\"modal-content\">\n<div class=\"modal-header\">\n        <button data-dismiss=\"modal\" class=\"close\" type=\"button\">\u00d7<\/button><\/p>\n<h3>Hydrometallurgie des Kobalts<\/h3>\n<\/p><\/div>\n<div class=\"modal-body\">\n<p>Die Chemie des Kobalts ist unzertrennlich mit dem Recycling von Hartmetallen verbunden. Dieser strategisch wichtiger Wertstoff wird f\u00fcr die Produktion von Hartmetalllegierungen als Binderphase ben\u00f6tigt. Zudem kommt Kobalt als Legierungsbestandteil in Schnellarbeitsst\u00e4hlen und Superlegierungen zum Einsatz. Weitere Anwendungsgebiete sind Katalysatoren (sog. Hydrofiner) f\u00fcr die Entschwefelung von schwefelhaltigen Kohlenwasserstoffen in der Petrochemie.<\/p>\n<p>Kobalt ist ein seltenes Element mit einer H\u00e4ufigkeit in der Erdkruste von ca. 0,004 %. H\u00e4ufig werden bekannte Erzlagerst\u00e4tten in politisch instabilen Regionen ausgebeutet, so zum Beispiel in der Republik Kongo. In diesem Land werden mit Abstand die gr\u00f6\u00dften Mengen an cobalth\u00e4ltigen Erz gef\u00f6rdert. Auch hier ist f\u00fcr die westliche Welt von entscheidender Bedeutung, dass dieser wertvolle Rohstoff mit Technologien r\u00fcckgewonnen werden, die einen geschlossenen Rohstoffkreislauf erm\u00f6glichen.<\/p>\n<\/p><\/div>\n<div class=\"modal-footer\">\n        <a data-dismiss=\"modal\" class=\"btn btn-default\" href=\"#\">Schlie\u00dfen<\/a>\n      <\/div>\n<\/p><\/div>\n<\/p><\/div>\n<\/div>\n<div aria-hidden=\"true\" role=\"dialog\" tabindex=\"-1\" id=\"pupup_pe\" class=\"modal fade\" style=\"display: none;\">\n<div class=\"modal-dialog\">\n<div class=\"modal-content\">\n<div class=\"modal-header\">\n        <button data-dismiss=\"modal\" class=\"close\" type=\"button\">\u00d7<\/button><\/p>\n<h3>Gewinnung von Reinmetallen aus urbanen Lagerst\u00e4tten<\/h3>\n<\/p><\/div>\n<div class=\"modal-body\">\n<p>Der \u00dcberbegriff \u201eUrban Mining\u201c ist in der Fachwelt in aller Munde und steht f\u00fcr eine zunehmende Bereitschaft auch im Bereich der Sicherstellung der Rohstoffversorgung Konzepte zu entwickeln aus bestehenden Abfalllagerst\u00e4tten Wertstoffe zu extrahieren, um diese der Fertigungsindustrie wieder zuzuf\u00fchren. Der Zugang von MME Engineering zu diesem Thema liegt in hydrometallurgischen Konzepten. Alte Lagerst\u00e4tten, die unter Umst\u00e4nden viele verschiedene Metalle beherbergen, w\u00fcrden mittels chemischen Aufschluss in die w\u00e4ssrige Phase \u00fcberf\u00fchrt werden. Mittels Separationsschritten k\u00f6nnte man Reinmetalle gewinnen.<\/p>\n<\/p><\/div>\n<div class=\"modal-footer\">\n        <a data-dismiss=\"modal\" class=\"btn btn-default\" href=\"#\">Schlie\u00dfen<\/a>\n      <\/div>\n<\/p><\/div>\n<\/p><\/div>\n<\/div>\n<div aria-hidden=\"true\" role=\"dialog\" tabindex=\"-1\" id=\"pupup_fe\" class=\"modal fade\" style=\"display: none;\">\n<div class=\"modal-dialog\">\n<div class=\"modal-content\">\n<div class=\"modal-header\">\n        <button data-dismiss=\"modal\" class=\"close\" type=\"button\">\u00d7<\/button><\/p>\n<h3>Kontrolltechnologien f\u00fcr Eisen \/ Rotschlammaufbereitung<\/h3>\n<\/p><\/div>\n<div class=\"modal-body\">\n<h4>Kontrolltechnologien f\u00fcr Eisen in der Hydrometallurgie<\/h4>\n<p>Eisen ist als Begleitstoff beinahe in allen Ausgangsstoffen zugegen. Die Thematik der Eisenkontrolle ist Gegenstand st\u00e4ndiger Fachdiskussionen, was zeigt, wie wichtig diese Thematik f\u00fcr das Refining in der Hydrometallurgie ist. Die hydrolytische F\u00e4llung von H\u00e4matit aus salzsauren oder schwefelsauren L\u00f6sungen ist eine technologische M\u00f6glichkeit zur selektiven Abscheidung der Eisenfraktion aus w\u00e4ssrigen Laugen. Dieser Prozess ist in der Literatur unter dem Namen PORI-Prozess bekannt und kann in Kombination mit vielen anderen hydrometallurgischen Prozessschritten zur Gestaltung eines Gesamtprozesses eingesetzt werden.<\/p>\n<h4>Rotschlammaufbereitung aus der Aluminiumindustrie<\/h4>\n<p>Rotschlamm ist ein eisenh\u00e4ltiges Abfallprodukt aus der Gewinnung von Aluminium aus seinen Erzen. Das klassische Verfahren hei\u00dft Bayer-Verfahren. Die charakteristische Farbe aus seinen Erzen stammt von Eisen(III)-Verbindungen. Meist handelt es sich um Fe(OH)3 oder Fe2O3. Neben Eisen sind in Abh\u00e4ngigkeit der Herkunft des Erzes auch nennenswerte Mengen an TiO2 in den Rotschl\u00e4mmen vorhanden. In Spure k\u00f6nnen auch giftige Schwermetalle, wie Quecksilber, Cadmium, Chrom, Arsen enthalten sein. Die Rotschl\u00e4mme werden deponiert und meistens nicht einer weiteren Aufarbeitung zugef\u00fchrt. Zum Umweltproblem werden diese Deponien dann, wenn giftige Stoffe aus der Deponie in das Grundwasser gelangen oder D\u00e4mme brechen und ganz Landstriche verseuchen. So geschehen in Ungarn im Jahr 2010.<\/p>\n<p><strong>MME Engineering<\/strong> sieht sich in der Lage, hier einen technologischen Beitrag zur Aufarbeitung von Rotschl\u00e4mmen zur Gewinnung von Eisen zu leisten.<\/p>\n<\/p><\/div>\n<div class=\"modal-footer\">\n        <a data-dismiss=\"modal\" class=\"btn btn-default\" href=\"#\">Schlie\u00dfen<\/a>\n      <\/div>\n<\/p><\/div>\n<\/p><\/div>\n<\/div>\n<div aria-hidden=\"true\" role=\"dialog\" tabindex=\"-1\" id=\"pupup_cu\" class=\"modal fade\" style=\"display: none;\">\n<div class=\"modal-dialog\">\n<div class=\"modal-content\">\n<div class=\"modal-header\">\n        <button data-dismiss=\"modal\" class=\"close\" type=\"button\">\u00d7<\/button><\/p>\n<h3>Separation von Kupfer aus metallischen und anorganischen Mischfraktionen<\/h3>\n<\/p><\/div>\n<div class=\"modal-body\">\n<p>Kupfer war eines der ersten Metalle, die der Menschheit in seiner technologischen Entwicklung weiterbrachte. Es ist mit Sicherheit ein Metall, das noch heutzutage einen extrem wichtigen Stellenwert in  der Technologie hat. Insbesondere im elektrotechnischen Bereich ist Kupfer kaum durch andere Metalle zu ersetzen. Praktisch alle elektronischen und elektrotechnischen Bauteile sind aus einer Vielzahl unterschiedlicher Metalle gefertigt. Eine sortenreine Separation von Kupfer verlangt entsprechendes Wissen \u00fcber den hydrometallurgischen Chemismus. MME kennt entsprechende technologische Strategien f\u00fcr die R\u00fcckgewinnung von Kupfer aus sekund\u00e4ren Rohstoffen, wie Schlacken und Schrotten. In der Disziplin der Hydrometallurgie sind viele technologische Konzepte m\u00f6glich, um das gew\u00fcnschte Ziel zu erreichen.<\/p>\n<\/p><\/div>\n<div class=\"modal-footer\">\n        <a data-dismiss=\"modal\" class=\"btn btn-default\" href=\"#\">Schlie\u00dfen<\/a>\n      <\/div>\n<\/p><\/div>\n<\/p><\/div>\n<\/div>\n<div aria-hidden=\"true\" role=\"dialog\" tabindex=\"-1\" id=\"pupup_al\" class=\"modal fade\" style=\"display: none;\">\n<div class=\"modal-dialog\">\n<div class=\"modal-content\">\n<div class=\"modal-header\">\n        <button data-dismiss=\"modal\" class=\"close\" type=\"button\">\u00d7<\/button><\/p>\n<h3>Aufarbeitung aluminiumh\u00e4ltiger Ausgangsstoffe<\/h3>\n<\/p><\/div>\n<div class=\"modal-body\">\n<p>Das heutzutage praktisch ausschlie\u00dflich durchgef\u00fchrte Verfahren zur Gewinnung von Aluminium ist das sogenannte Bayer-Verfahren. Bei diesem Prozess wird Bauxit unter Druck mit Natronlauge bei 180\u00b0C aufgeschlossen. Hierbei l\u00f6st sich Aluminium selektiv als Na[Al(OH)4], w\u00e4hrend Eisen als Oxid-Hydrat (Rotschlamm) mittels Filtration abgetrennt wird. Wegen der feinen Verteilung des Niederschlages ist die Filtration oft mit gro\u00dfen prozesstechnischen Problemen behaftet. Die Aluminiumfraktion wird zur Kristallisation gebracht und schlie\u00dflich bei etwa 1200\u00b0C zu -Aluminiumoxid umgewandelt. Die Kiesels\u00e4ure des Bauxits geht beim nassen Aufschluss gr\u00f6\u00dftenteils in das unl\u00f6sliche Natrium-aluminium-silikat \u00fcber, das gemeinsam mit Rotschlamm ausf\u00e4llt. Die Bildung dieser Silikate ist demnach mit Aluminiumverlusten verbunden, welche naturgem\u00e4\u00df mit h\u00f6heren SiO2-Konzentrationen des Bauxits steigen. Aus diesem Grund gibt es f\u00fcr das klassische Bayer-Verfahren, das \u00fcber die Jahrzehnte hinweg stetig optimiert wurde, Limitierungen der Einsetzbarkeit hinsichtlich der Zusammensetzung der Ausgangsstoffe.<\/p>\n<p><strong>MME Engineering<\/strong> verf\u00fcgt \u00fcber Know-How f\u00fcr alternative Routen zur Gewinnung von Aluminium aus Wertstoffquellen mit hohen silikatischen Anteilen bzw. mit hohen Eisenkonzentrationen. Mit diesen Verfahren k\u00f6nnen insbesondere Rohstoffe mit geringen Aluminiumkonzentrationen verarbeitet werden. Eine simultane Separation von Eisen und Aluminium stellt einen zentralen Punkt in diesem Verfahren dar.<\/p>\n<\/p><\/div>\n<div class=\"modal-footer\">\n        <a data-dismiss=\"modal\" class=\"btn btn-default\" href=\"#\">Schlie\u00dfen<\/a>\n      <\/div>\n<\/p><\/div>\n<\/p><\/div>\n<\/div>\n<p id=\"imagemap\">\n  <img loading=\"lazy\" decoding=\"async\" id=\"seite_hydrometallurgyurbanmining\" src=\"\/wp-content\/themes\/akita-child\/images\/seite_hydrometallurgyurbanmining.png\" alt=\"Hydrometallurgy\/Urban Mining\" usemap=\"#m_seite_hydrometallurgyurbanmining\" width=\"880\" height=\"880\" name=\"seite_hydrometallurgyurbanmining\" \/>\n<\/p>\n<map id=\"m_seite_hydrometallurgyurbanmining\" name=\"m_seite_hydrometallurgyurbanmining\">\n<area data-toggle=\"modal\" class=\"btn btn-primary\" href=\"#pupup_b1\" title=\"Erzrohstoffe\" alt=\"Erzrohstoffe\" shape=\"rect\" coords=\"156,170,344,279\" \/>\n<area data-toggle=\"modal\" class=\"btn btn-primary\" href=\"#pupup_b2\" title=\"Kupferbasierte Ausgangsstoffe\" alt=\"Kupferbasierte Ausgangsstoffe\" shape=\"rect\" coords=\"579,266,768,374\" \/>\n<area data-toggle=\"modal\" class=\"btn btn-primary\" href=\"#pupup_b3\" title=\"Hartmetallschrott\" alt=\"Hartmetallschrott\" shape=\"rect\" coords=\"102,374,291,482\" \/>\n<area data-toggle=\"modal\" class=\"btn btn-primary\" href=\"#pupup_li\" title=\"R\u00fcckgewinnung von Lithium aus elektrischen Energiespeichereinheiten\" alt=\"R\u00fcckgewinnung von Lithium aus elektrischen Energiespeichereinheiten\" coords=\"279,565, 43\" shape=\"circle\" \/>\n<area data-toggle=\"modal\" class=\"btn btn-primary\" href=\"#pupup_w\" title=\"Recycling von wolfram- und cobalth\u00e4ltiger Sekund\u00e4rwertstoffe (Hartmetall und Schwermetalllegierungen)\" alt=\"Recycling von wolfram- und cobalth\u00e4ltiger Sekund\u00e4rwertstoffe (Hartmetall und Schwermetalllegierungen)\" coords=\"299,663, 43\" shape=\"circle\" \/>\n<area data-toggle=\"modal\" class=\"btn btn-primary\" href=\"#pupup_co\" title=\"Hydrometallurgie des Kobalts\" alt=\"Hydrometallurgie des Kobalts\" coords=\"351,745, 43\" shape=\"circle\" \/>\n<area data-toggle=\"modal\" class=\"btn btn-primary\" href=\"#pupup_pe\" title=\"Gewinnung von Reinmetallen aus urbanen Lagerst\u00e4tten\" alt=\"Gewinnung von Reinmetallen aus urbanen Lagerst\u00e4tten\" coords=\"444,775, 43\" shape=\"circle\" \/>\n<area data-toggle=\"modal\" class=\"btn btn-primary\" href=\"#pupup_fe\" title=\"Kontrolltechnologien f\u00fcr Eisen \/ Rotschlammaufbereitung\" alt=\"Kontrolltechnologien f\u00fcr Eisen \/ Rotschlammaufbereitung\" coords=\"536,745, 43\" shape=\"circle\" \/>\n<area data-toggle=\"modal\" class=\"btn btn-primary\" href=\"#pupup_cu\" title=\"Separation von Kupfer aus metallischen und anorganischen Mischfraktionen\" alt=\"Separation von Kupfer aus metallischen und anorganischen Mischfraktionen\" coords=\"584,659, 43\" shape=\"circle\" \/>\n<area data-toggle=\"modal\" class=\"btn btn-primary\" href=\"#pupup_al\" title=\"Aufarbeitung aluminiumh\u00e4ltiger Ausgangsstoffe\" alt=\"Aufarbeitung aluminiumh\u00e4ltiger Ausgangsstoffe\" coords=\"607,563, 43\" shape=\"circle\" \/>\n<\/map>\n<p class=\"btnProjAndTech\"><a href=\"\/de\/hydrometallurgyurban-mining\/projekte-und-technologien\" title=\"Projekte und Technologien\" class=\"btn btn-primary btn-large btn-shortcode\" target=\"_self\">Projekte und Technologien<\/a><\/p>\n<p class=\"btnDownloadFolder\"><a href=\"\/Downloads\/MME_Folder_HydrometallurgyUrbanMining.pdf\" title=\"Download Folder &#8222;Hydrometallurgy Urban Mining&#8220; &#8230;\" class=\"btn btn-primary btn-shortcode\" target=\"_blank\">Download Folder &#8222;Hydrometallurgy Urban Mining&#8220; &#8230;<\/a><\/p>\n","protected":false},"excerpt":{"rendered":"<p>Hydrometallurgy\/Urban Mining \u00d7 Erzrohstoffe Schlie\u00dfen \u00d7 Kupferbasierte Ausgangsstoffe Schlie\u00dfen \u00d7 Hartmetallschrott Schlie\u00dfen \u00d7 R\u00fcckgewinnung von Lithium aus elektrischen Energiespeichereinheiten Im Zuge der aufkeimenden Elektromobilit\u00e4t ist das Thema \u201eMobile Stromversorgung\u201c von zentraler Bedeutung. Der momentane Stand der Technik f\u00fcr kompakte und mobile Stromversorgungseinheiten in Elektrofahrzeugen ist der Lithium-Ionen-Akku. Neben dieser Akku-Technologie gibt es noch zahlreiche andere [&hellip;]<\/p>\n","protected":false},"author":2,"featured_media":0,"parent":0,"menu_order":0,"comment_status":"closed","ping_status":"closed","template":"template_builder.php","meta":{"footnotes":""},"class_list":["post-69","page","type-page","status-publish","hentry"],"aioseo_notices":[],"_links":{"self":[{"href":"https:\/\/www.mme-engineering.at\/de\/wp-json\/wp\/v2\/pages\/69","targetHints":{"allow":["GET"]}}],"collection":[{"href":"https:\/\/www.mme-engineering.at\/de\/wp-json\/wp\/v2\/pages"}],"about":[{"href":"https:\/\/www.mme-engineering.at\/de\/wp-json\/wp\/v2\/types\/page"}],"author":[{"embeddable":true,"href":"https:\/\/www.mme-engineering.at\/de\/wp-json\/wp\/v2\/users\/2"}],"replies":[{"embeddable":true,"href":"https:\/\/www.mme-engineering.at\/de\/wp-json\/wp\/v2\/comments?post=69"}],"version-history":[{"count":57,"href":"https:\/\/www.mme-engineering.at\/de\/wp-json\/wp\/v2\/pages\/69\/revisions"}],"predecessor-version":[{"id":661,"href":"https:\/\/www.mme-engineering.at\/de\/wp-json\/wp\/v2\/pages\/69\/revisions\/661"}],"wp:attachment":[{"href":"https:\/\/www.mme-engineering.at\/de\/wp-json\/wp\/v2\/media?parent=69"}],"curies":[{"name":"wp","href":"https:\/\/api.w.org\/{rel}","templated":true}]}}