{"id":39,"date":"2014-10-16T16:06:08","date_gmt":"2014-10-16T14:06:08","guid":{"rendered":"http:\/\/www.mme-engineering.at\/?page_id=39"},"modified":"2014-11-17T17:49:41","modified_gmt":"2014-11-17T15:49:41","slug":"m-metallurgy-solutions","status":"publish","type":"page","link":"https:\/\/www.mme-engineering.at\/de\/m-metallurgy-solutions\/","title":{"rendered":"M-Metallurgy Solutions"},"content":{"rendered":"<h1>M-Metallurgy Solutions<\/h1>\n<h2>Metallurgie<\/h2>\n<p><a href=\"\/wp-content\/uploads\/2014\/10\/iStock_000012647801Large.jpg\" title=\"Metalurgy Solutions\" class=\"themeblvd-lightbox mfp-image tb-thumb-link image\"><img decoding=\"async\" src=\"\/wp-content\/uploads\/2014\/10\/iStock_000012647801Large-150x150.jpg\" alt=\"Metalurgy Solutions\" class=\"alignleft\" \/><\/a>Die Verkn\u00fcpfung aus solidem chemischen Wissen und langj\u00e4hriger Industrieerfahrung erm\u00f6glicht MME die Beantwortung eines weiten Spektrums an chemischen und prozesstechnischen Fragestellungen. Erg\u00e4nzt durch enge Kontakte zu Forschungseinrichtungen stellt MME einen starker Partner f\u00fcr seine Kunden dar.<\/p>\n<p><strong>MME Engineering<\/strong> verf\u00fcgt \u00fcber eine fundierte mehrj\u00e4hrige Erfahrung auch im Bereich der Metallurgie. Die Unterst\u00fctzung durch MME in diesem Spezialbereich erm\u00f6glicht es dem Kunden, Zeit und Kosten zu sparen. Zus\u00e4tzlich k\u00f6nnen die Prozesse hinsichtlich des Betriebsaufwandes optimiert werden.<\/p>\n<p><strong>MME Engineering<\/strong> orientiert sich auf die wesentlichste Eigenschaft eines erfolgreichen Prozesses: ihn ohne Kompromisse so einfach wie m\u00f6glich zu halten. Zudem wird permanent gro\u00dfes Augenmerk auf die Wirtschaftlichkeit gelegt.<\/p>\n<h3>MME BIETET<\/h3>\n<p><strong>Metallurgie<\/strong><\/p>\n<ul>\n<li>Gewinnung von Metallen aus Rohstoffquellen geringer G\u00fcte<\/li>\n<li>Prozessentwicklung im Bereich der Hydrometallurgie<\/li>\n<li>Abtrennung von Metallen aus Stoffgemischen<\/li>\n<li>Aufarbeitung der verbrauchten S\u00e4uren<\/li>\n<li>Optimierung von pyrometallurgischen Prozessen<\/li>\n<\/ul>\n<p><strong>Ihr Unternehmen profitiert von<\/strong><\/p>\n<ul>\n<li>MMEs Erfahrung in der S\u00e4ureaufbereitung<\/li>\n<li>MMEs Kompetenz bei der Prozessentwicklung<\/li>\n<li>MMEs Kenntnissen der Hydrometallurgie<\/li>\n<\/ul>\n","protected":false},"excerpt":{"rendered":"<p>M-Metallurgy Solutions Metallurgie Die Verkn\u00fcpfung aus solidem chemischen Wissen und langj\u00e4hriger Industrieerfahrung erm\u00f6glicht MME die Beantwortung eines weiten Spektrums an chemischen und prozesstechnischen Fragestellungen. Erg\u00e4nzt durch enge Kontakte zu Forschungseinrichtungen stellt MME einen starker Partner f\u00fcr seine Kunden dar. MME Engineering verf\u00fcgt \u00fcber eine fundierte mehrj\u00e4hrige Erfahrung auch im Bereich der Metallurgie. Die Unterst\u00fctzung durch [&hellip;]<\/p>\n","protected":false},"author":2,"featured_media":0,"parent":0,"menu_order":0,"comment_status":"closed","ping_status":"closed","template":"template_builder.php","meta":{"footnotes":""},"class_list":["post-39","page","type-page","status-publish","hentry"],"aioseo_notices":[],"_links":{"self":[{"href":"https:\/\/www.mme-engineering.at\/de\/wp-json\/wp\/v2\/pages\/39","targetHints":{"allow":["GET"]}}],"collection":[{"href":"https:\/\/www.mme-engineering.at\/de\/wp-json\/wp\/v2\/pages"}],"about":[{"href":"https:\/\/www.mme-engineering.at\/de\/wp-json\/wp\/v2\/types\/page"}],"author":[{"embeddable":true,"href":"https:\/\/www.mme-engineering.at\/de\/wp-json\/wp\/v2\/users\/2"}],"replies":[{"embeddable":true,"href":"https:\/\/www.mme-engineering.at\/de\/wp-json\/wp\/v2\/comments?post=39"}],"version-history":[{"count":7,"href":"https:\/\/www.mme-engineering.at\/de\/wp-json\/wp\/v2\/pages\/39\/revisions"}],"predecessor-version":[{"id":547,"href":"https:\/\/www.mme-engineering.at\/de\/wp-json\/wp\/v2\/pages\/39\/revisions\/547"}],"wp:attachment":[{"href":"https:\/\/www.mme-engineering.at\/de\/wp-json\/wp\/v2\/media?parent=39"}],"curies":[{"name":"wp","href":"https:\/\/api.w.org\/{rel}","templated":true}]}}