{"id":36,"date":"2014-10-16T15:55:48","date_gmt":"2014-10-16T13:55:48","guid":{"rendered":"http:\/\/www.mme-engineering.at\/?page_id=36"},"modified":"2014-11-24T12:49:03","modified_gmt":"2014-11-24T10:49:03","slug":"process-engineering","status":"publish","type":"page","link":"https:\/\/www.mme-engineering.at\/de\/process-engineering\/","title":{"rendered":"Process Engineering"},"content":{"rendered":"<h1>Process Engineering<\/h1>\n<p><div class=\"accordion-group\"><div class=\"accordion-heading\"><a class=\"accordion-toggle\" data-toggle=\"collapse\" href=\"#toggle_133479220869f2bcb6b2e72\"><i class=\"icon-sign switch-me\"><\/i> <\/p>\n<h2>Beratung<\/h2>\n<p><\/a><\/div><!-- .accordion-heading (end) --><div id=\"toggle_133479220869f2bcb6b2e72\" class=\"accordion-body collapse\"><div class=\"accordion-inner\"><p>Die Beratungsleistungen der<strong> MME Engineering<\/strong> zielen darauf ab den Kunden punktuell und zielgerichtet bei technischen Spezialthemen zu unterst\u00fctzen. Der wesentliche Vorteil f\u00fcr den Kunden besteht darin, sich kein technisches Spezial-Know-how aufwendig und kostenintensiv erarbeiten zu m\u00fcssen. Die Beratung erfolgt anwendungsbezogen und auf die Aufgabe zugeschnitten und endet mit einer Abschlusspr\u00e4sentation und Dokumentation des L\u00f6sungsansatzes.<\/p>\n<p><strong>MME Engineering<\/strong> ist aufgrund der langj\u00e4hrigen Industrieerfahrung in den Bereichen anorganische Technologie und Prozess- bzw. Verfahrenstechnik in der Lage, f\u00fcr den Kunden professionelle Beratungst\u00e4tigkeit zu leisten. Die Beratungst\u00e4tigkeit erstreckt sich \u00fcber die Themengebiete Hydrometallurgie, Umwelttechnik und S\u00e4ureaufbereitung.<\/p>\n<\/div><!-- .accordion-inner (end) --><\/div><!-- .accordion-body (end) --><\/div><!-- .accordion-group (end) --><br \/>\n<div class=\"accordion-group\"><div class=\"accordion-heading\"><a class=\"accordion-toggle\" data-toggle=\"collapse\" href=\"#toggle_146947731269f2bcb6b2f0b\"><i class=\"icon-sign switch-me\"><\/i> <\/p>\n<h2>Basic Engineering<\/h2>\n<p><\/a><\/div><!-- .accordion-heading (end) --><div id=\"toggle_146947731269f2bcb6b2f0b\" class=\"accordion-body collapse\"><div class=\"accordion-inner\"><p>\nBasic Engineering bedeutet f\u00fcr <strong>MME Engineering<\/strong>, dass f\u00fcr eine zu planende Anlage oder einen chemischen Prozess ein in sich geschlossenes Prozesskonzept erarbeitet wird. Im Zentrum dieser T\u00e4tigkeit steht das zu erstellende Prozessschema, das zugeschnitten auf die Bed\u00fcrfnisse des Kunden entwickelt wird.<\/p>\n<p>Bereits in dieser fr\u00fchen Phase gilt es besonderes Augenmerk auf die praktische Realisierbarkeit des Prozesses zu legen. An- und Abfahrverhalten, Sicherheitsaspekte und die Verf\u00fcgbarkeit von Equipment sind nur exemplarische Bespiele f\u00fcr Punkte, die ber\u00fccksichtigt werden m\u00fcssen.<\/p>\n<p>Aufgrund der langj\u00e4hrigen Erfahrung der handelnden Personen verf\u00fcgt MME \u00fcber die Leistungsf\u00e4higkeit ein solides Basic Engineering bereitzustellen.<\/p>\n<p>Im Zuge von Entwicklungsprojekten hat MME die M\u00f6glichkeit notwendige Prozessdaten durch Laborversuche abzusichern. Durch dieses Vorgehen k\u00f6nnen schon fr\u00fchzeitig Annahmen durch Fakten ersetzt werden.<\/p>\n<p>Der Umfang der Engineeringaufgabe wird gemeinsam mit dem Auftraggeber klar definiert und kann folgende Punkte beinhalten:<\/p>\n<ul>\n<li>Versuche im Laborma\u00dfstab<\/li>\n<li>Erstellung von P&amp;ID\u00b4s<\/li>\n<li>Thermodynamische Berechnungen<\/li>\n<li>Massenbilanzierungen<\/li>\n<li>Energiebilanzerstellung<\/li>\n<li>Verfahrenstechnische Grobdimensionierungen<\/li>\n<li>CAPEX \/ OPEX Betrachtungen<\/li>\n<\/ul>\n<p>\n<\/div><!-- .accordion-inner (end) --><\/div><!-- .accordion-body (end) --><\/div><!-- .accordion-group (end) --><br \/>\n<div class=\"accordion-group\"><div class=\"accordion-heading\"><a class=\"accordion-toggle\" data-toggle=\"collapse\" href=\"#toggle_58126709369f2bcb6b2fa6\"><i class=\"icon-sign switch-me\"><\/i> <\/p>\n<h2>Beschaffung<\/h2>\n<p><\/a><\/div><!-- .accordion-heading (end) --><div id=\"toggle_58126709369f2bcb6b2fa6\" class=\"accordion-body collapse\"><div class=\"accordion-inner\"><p>\nBesondere Prozesse bed\u00fcrfen auch besonderer Konstruktionsmaterialien. Oftmals funktionieren Rohstoff- oder Recyclingtechnologien auf Basis von S\u00e4ure- oder Laugenaufschl\u00fcssen mit angeschlossener Separation in die einzelnen Reinfraktionen. F\u00fcr die technische Realisierung solcher Projekte kommt Spezialequipment zum Einsatz, die besondere Korrosionsfestigkeiten vorweisen m\u00fcssen.<\/p>\n<p>Die Manipulation von sauren oder alkalische Laugen stellt besondere Anforderungen an die eingesetzten Werkstoffe und Bauteile. Stahl, Edelstahl oder aber auch Hastelloy sto\u00dfen bei diesen Bedingungen an ihre Grenzen und sind f\u00fcr den Einsatz nicht geeignet.<\/p>\n<p>Borsilikatglas, Email, Graphit, Titan in verschiedenen Qualit\u00e4ten, Niob, Tantal, Siliziumcarbid, PP, GFK, PVDF, PEEK, PFA sind Werkstoffe, die den Anforderungen gewachsen sind.<\/p>\n<p><strong>MME Engineering<\/strong> verf\u00fcgt \u00fcber ein dichtes Netzwerk an Lieferanten und Herstellern, die Komponenten aus den angef\u00fchrten Materialien erzeugen oder best\u00e4ndige Schutzschichten applizieren. Es k\u00f6nnen somit beispielsweise best\u00e4ndige Ventile, Beschichtungen, Rohrleitungen, Pumpen, W\u00e4rmetauscher, Zentrifugen, Trockner oder Bandfilter beschafft, oder aber auch lediglich die Kosten f\u00fcr eine CAPEX Absch\u00e4tzung ermittelt werden. Dar\u00fcberhinaus bestehen f\u00fcr alle m\u00f6glichen Aggregate Kontakte zu unterschiedlichen Herstellern wodurch Preisvergleiche m\u00f6glich werden.<\/p>\n<p>MME kann von der ersten Anfrage bis zur Endverhandlung den gesamten Beschaffungsprozess abdecken. Es existieren beim Spezialequipment keine wirtschaftlichen Verbindung zu den Herstellern, wodurch ein unabh\u00e4ngiges Handeln im Kundeninteresse sichergestellt ist.<\/p>\n<\/div><!-- .accordion-inner (end) --><\/div><!-- .accordion-body (end) --><\/div><!-- .accordion-group (end) --><br \/>\n<div class=\"accordion-group\"><div class=\"accordion-heading\"><a class=\"accordion-toggle\" data-toggle=\"collapse\" href=\"#toggle_35619478969f2bcb6b301d\"><i class=\"icon-sign switch-me\"><\/i> <\/p>\n<h2>Forschung und Entwicklung<\/h2>\n<p><\/a><\/div><!-- .accordion-heading (end) --><div id=\"toggle_35619478969f2bcb6b301d\" class=\"accordion-body collapse\"><div class=\"accordion-inner\"><p>\n\u201c<em>Versucht, diese Welt ein wenig besser zu verlassen, als ihr sie vorgefunden habt,\u2026<\/em>\u201d<\/p>\n<p style=\"text-align: right;\">Zitat: Robert Stephenson Smith Baden Powell<\/p>\n<p>Ziel der F&amp;E T\u00e4tigkeiten von <strong>MME Engineering<\/strong> ist es technisch und \u00f6konomisch bessere Prozessl\u00f6sungen f\u00fcr seine Kunden zu erarbeiten.<\/p>\n<p>Die agierenden Techniker und Ingenieure sind qualifiziert und erfahren, um F&amp;E-Projekte effizient und zielgerichtet abwickeln zu k\u00f6nnen. Hierf\u00fcr steht <strong>MME Engineering<\/strong> eine vollwertige Infrastruktur beginnend von der Verf\u00fcgbarkeit der Fachliteratur bis hin zur Analytik- und Laborinfrastruktur, zur Verf\u00fcgung. <strong>MME Engineering<\/strong> versteht sich darin die erworbenen Erkenntnisse auf verfahrenstechnische Prozesse im Zuge eines Upscalings einzusetzen.<\/p>\n<p><img loading=\"lazy\" decoding=\"async\" class=\"alignnone wp-image-512 size-full\" src=\"http:\/\/www.mme-engineering.at\/wp-content\/uploads\/2014\/11\/mme_forschung_und_entwicklung_de.jpg\" alt=\"Forschung und Entwicklung\" width=\"974\" height=\"433\" srcset=\"https:\/\/www.mme-engineering.at\/wp-content\/uploads\/2014\/11\/mme_forschung_und_entwicklung_de.jpg 974w, https:\/\/www.mme-engineering.at\/wp-content\/uploads\/2014\/11\/mme_forschung_und_entwicklung_de-300x133.jpg 300w, https:\/\/www.mme-engineering.at\/wp-content\/uploads\/2014\/11\/mme_forschung_und_entwicklung_de-940x417.jpg 940w, https:\/\/www.mme-engineering.at\/wp-content\/uploads\/2014\/11\/mme_forschung_und_entwicklung_de-620x275.jpg 620w, https:\/\/www.mme-engineering.at\/wp-content\/uploads\/2014\/11\/mme_forschung_und_entwicklung_de-195x86.jpg 195w\" sizes=\"auto, (max-width: 974px) 100vw, 974px\" \/><\/p>\n<p>\n<\/div><!-- .accordion-inner (end) --><\/div><!-- .accordion-body (end) --><\/div><!-- .accordion-group (end) --><br \/>\n<div class=\"accordion-group\"><div class=\"accordion-heading\"><a class=\"accordion-toggle\" data-toggle=\"collapse\" href=\"#toggle_91154255869f2bcb6b3090\"><i class=\"icon-sign switch-me\"><\/i> <\/p>\n<h2>Machbarkeitsstudien<\/h2>\n<p><\/a><\/div><!-- .accordion-heading (end) --><div id=\"toggle_91154255869f2bcb6b3090\" class=\"accordion-body collapse\"><div class=\"accordion-inner\"><p>\nDie technischen Machbarkeitsstudien von <strong>MME Engineering<\/strong> zeigen m\u00f6gliche L\u00f6sungsans\u00e4tze f\u00fcr ein Projekt hinsichtlich der erforderlichen Technologien und ihrer Umsetzbarkeit auf. Im Rahmen der Arbeit von MME werden die L\u00f6sungsans\u00e4tze identifiziert und analysiert. Ein wesentlicher Bestandteil einer Machbarkeitsstudie stellt die Risikenabsch\u00e4tzung und die Identifizierung und Bewertung der Erfolgsaussichten dar.<\/p>\n<p>\u00dcberpr\u00fcft wird dabei, ob mit dem jeweils betrachteten Technologieansatz die geforderten Ergebnisse unter den vorgegebenen technischen Rahmenbedingungen erzielt werden k\u00f6nnen.<\/p>\n<p>Im Zuge der Studie k\u00f6nnen neben den technischen auch wirtschaftlichen Aspekte in Form von CAPEX\/OPEX Absch\u00e4tzungen beleuchtet werden.<\/p>\n<p>Final erarbeitet <strong>MME Engineering<\/strong> w\u00e4hrend der Studie einen umfangreichen Bericht, der den Kunden bei seinen weiteren Schritten unterst\u00fctzt. Eine solide Machbarkeitsstudie eines unabh\u00e4ngigen Ingenieurb\u00fcros, \u00a0stellt eine solide Informationsquelle f\u00fcr potentielle Partner und Investoren dar.<\/p>\n<\/div><!-- .accordion-inner (end) --><\/div><!-- .accordion-body (end) --><\/div><!-- .accordion-group (end) --><\/p>\n","protected":false},"excerpt":{"rendered":"<p>Process Engineering<\/p>\n","protected":false},"author":2,"featured_media":0,"parent":0,"menu_order":0,"comment_status":"closed","ping_status":"closed","template":"template_builder.php","meta":{"footnotes":""},"class_list":["post-36","page","type-page","status-publish","hentry"],"aioseo_notices":[],"_links":{"self":[{"href":"https:\/\/www.mme-engineering.at\/de\/wp-json\/wp\/v2\/pages\/36","targetHints":{"allow":["GET"]}}],"collection":[{"href":"https:\/\/www.mme-engineering.at\/de\/wp-json\/wp\/v2\/pages"}],"about":[{"href":"https:\/\/www.mme-engineering.at\/de\/wp-json\/wp\/v2\/types\/page"}],"author":[{"embeddable":true,"href":"https:\/\/www.mme-engineering.at\/de\/wp-json\/wp\/v2\/users\/2"}],"replies":[{"embeddable":true,"href":"https:\/\/www.mme-engineering.at\/de\/wp-json\/wp\/v2\/comments?post=36"}],"version-history":[{"count":12,"href":"https:\/\/www.mme-engineering.at\/de\/wp-json\/wp\/v2\/pages\/36\/revisions"}],"predecessor-version":[{"id":655,"href":"https:\/\/www.mme-engineering.at\/de\/wp-json\/wp\/v2\/pages\/36\/revisions\/655"}],"wp:attachment":[{"href":"https:\/\/www.mme-engineering.at\/de\/wp-json\/wp\/v2\/media?parent=36"}],"curies":[{"name":"wp","href":"https:\/\/api.w.org\/{rel}","templated":true}]}}