{"id":34,"date":"2014-10-16T15:48:13","date_gmt":"2014-10-16T13:48:13","guid":{"rendered":"http:\/\/www.mme-engineering.at\/?page_id=34"},"modified":"2014-11-17T18:04:44","modified_gmt":"2014-11-17T16:04:44","slug":"e-environmental-solutions","status":"publish","type":"page","link":"https:\/\/www.mme-engineering.at\/de\/e-environmental-solutions\/","title":{"rendered":"E-Environmental Solutions"},"content":{"rendered":"<h1>E-Environmental Solutions<\/h1>\n<h2>Umwelttechnik<\/h2>\n<a href=\"\/wp-content\/uploads\/2014\/10\/mva-wien-spittelau-a43f041e-08b1-47cd-998b-0a58a6126132.jpg\" title=\"MVA Wien Spittelau\" class=\"themeblvd-lightbox mfp-image tb-thumb-link image\"><img decoding=\"async\" src=\"\/wp-content\/uploads\/2014\/10\/mva-wien-spittelau-a43f041e-08b1-47cd-998b-0a58a6126132-150x150.jpg\" alt=\"MVA Wien Spittelau\" class=\"alignleft\" \/><\/a>\n<p>Zunehmend strengere Abgasnormen erfordern praktische und wirtschaftliche L\u00f6sungen. MME hat Zugang zu einer Vielzahl an m\u00f6glichen Technologien. Dadurch ist es m\u00f6glich, die beste L\u00f6sung ohne Einschr\u00e4nkungen zu finden.<\/p>\n<p><strong>MME Engineering<\/strong> unterst\u00fctzt den Kunden in offener und transparenter Weise. Das Auffinden von Verbesserungsm\u00f6glichkeiten in bestehenden und geplanten Anlagen z\u00e4hlt ebenfalls zu den Kernkompetenzen von MME. Durch die Nutzung aller zur Verf\u00fcgung stehenden Simulationstools gelingt es MME Aufgabenstellungen optimal zu l\u00f6sen.<\/p>\n<h2>MME BIETET<\/h2>\n<p><strong>Umwelttechnik<\/strong><\/p>\n<ul>\n<li>DeNOx-Technologien: SCR, SNCR<\/li>\n<li>Verbrennungstechnik: Abgasr\u00fcckf\u00fchrung, gestufte Verbrennung, Nachverbrennung<\/li>\n<li>SNOx Anlagen als innovativer Abgasreinigungsprozess<\/li>\n<li>SO2-Reduktion basierend auf nassen und trockenen Technologien<\/li>\n<li>Entstaubung \u00fcber Zyklon, Schlauchfilter, \u2026<\/li>\n<li>W\u00e4schertechnologien<\/li>\n<li>Energier\u00fcckgewinnung<\/li>\n<\/ul>\n<p><strong>Ihr Unternehmen profitiert von<\/strong><\/p>\n<ul>\n<li>MMEs Erfahrung im Energieeinsparen<\/li>\n<li>MMEs Unabh\u00e4ngigkeit bei der L\u00f6sungssuche<\/li>\n<li>MMEs \u00f6konomischen Abgasreinigungskonzepten<\/li>\n<\/ul>\n<p>&nbsp;<\/p>\n","protected":false},"excerpt":{"rendered":"<p>E-Environmental Solutions Umwelttechnik Zunehmend strengere Abgasnormen erfordern praktische und wirtschaftliche L\u00f6sungen. MME hat Zugang zu einer Vielzahl an m\u00f6glichen Technologien. Dadurch ist es m\u00f6glich, die beste L\u00f6sung ohne Einschr\u00e4nkungen zu finden. MME Engineering unterst\u00fctzt den Kunden in offener und transparenter Weise. Das Auffinden von Verbesserungsm\u00f6glichkeiten in bestehenden und geplanten Anlagen z\u00e4hlt ebenfalls zu den Kernkompetenzen [&hellip;]<\/p>\n","protected":false},"author":2,"featured_media":0,"parent":0,"menu_order":0,"comment_status":"closed","ping_status":"closed","template":"template_builder.php","meta":{"footnotes":""},"class_list":["post-34","page","type-page","status-publish","hentry"],"aioseo_notices":[],"_links":{"self":[{"href":"https:\/\/www.mme-engineering.at\/de\/wp-json\/wp\/v2\/pages\/34","targetHints":{"allow":["GET"]}}],"collection":[{"href":"https:\/\/www.mme-engineering.at\/de\/wp-json\/wp\/v2\/pages"}],"about":[{"href":"https:\/\/www.mme-engineering.at\/de\/wp-json\/wp\/v2\/types\/page"}],"author":[{"embeddable":true,"href":"https:\/\/www.mme-engineering.at\/de\/wp-json\/wp\/v2\/users\/2"}],"replies":[{"embeddable":true,"href":"https:\/\/www.mme-engineering.at\/de\/wp-json\/wp\/v2\/comments?post=34"}],"version-history":[{"count":14,"href":"https:\/\/www.mme-engineering.at\/de\/wp-json\/wp\/v2\/pages\/34\/revisions"}],"predecessor-version":[{"id":549,"href":"https:\/\/www.mme-engineering.at\/de\/wp-json\/wp\/v2\/pages\/34\/revisions\/549"}],"wp:attachment":[{"href":"https:\/\/www.mme-engineering.at\/de\/wp-json\/wp\/v2\/media?parent=34"}],"curies":[{"name":"wp","href":"https:\/\/api.w.org\/{rel}","templated":true}]}}