{"id":23,"date":"2014-10-16T13:29:48","date_gmt":"2014-10-16T11:29:48","guid":{"rendered":"http:\/\/www.mme-engineering.at\/?page_id=23"},"modified":"2014-11-20T10:44:00","modified_gmt":"2014-11-20T08:44:00","slug":"m-mineral-solutions","status":"publish","type":"page","link":"https:\/\/www.mme-engineering.at\/de\/m-mineral-solutions\/","title":{"rendered":"M-Mineral Solutions"},"content":{"rendered":"<h1>M-Mineral Solutions<\/h1>\n<h2>Chemische Erzaufbereitung<\/h2>\n<p><a href=\"\/wp-content\/uploads\/2014\/10\/DSC_4629.jpg\" title=\"Mineral Solution\" class=\"themeblvd-lightbox mfp-image tb-thumb-link image\"><img decoding=\"async\" src=\"\/wp-content\/uploads\/2014\/10\/DSC_4629-150x150.jpg\" alt=\"Mineral Solution\" class=\"alignleft\" \/><\/a>Der Bestand an hochwertigen Erzen nimmt ab, wodurch der Markt gezwungen ist nach neuen Prozessen Ausschau zu halten, die minderwertige Rohstoffe verarbeiten k\u00f6nnen, zus\u00e4tzlich energieeffizient sind und die Umwelt schonen.<\/p>\n<p><strong>MME Engineering<\/strong> vereinigt chemische und verfahrenstechnische Denkweisen zu einer idealen technischen L\u00f6sung.<\/p>\n<p>W\u00e4hrend ein Chemiker den Fokus auf die Thermodynamik und Kinetik von Reaktionen legt, stehen f\u00fcr den Verfahrenstechniker die internen Prozesskreisl\u00e4ufe und die technische Umsetzung im Vordergrund seiner \u00dcberlegungen. Die Fusion dieser beiden Gedankenmodelle f\u00fchrt zu besonders effektiven Prozessen, die weniger Energie ben\u00f6tigen und bei denen unerw\u00fcnschte Nebenprodukte m\u00f6glichst vermieden werden.<\/p>\n<h2>MME BIETET<\/h2>\n<p><strong>Chemische Erzaufbereitung<\/strong><\/p>\n<ul>\n<li>Analyse der Erzzusammensetzung<\/li>\n<li>Erarbeiten einer Prozessstrategie<\/li>\n<li>Aufl\u00f6sen der Erze in HCl, H2SO4, NaOH,\u2026<\/li>\n<li>Selektives Abtrennen einzelner Stoffe durch \u00c4nderung der L\u00f6slichkeiten, Einstellung des pH-Werts oder weitere chemische Standardoperationen<\/li>\n<li>Wiederaufbereitung der L\u00f6sungsmittel \/ S\u00e4ure<\/li>\n<\/ul>\n<p><strong>Ihr Unternehmen profitiert von<\/strong><\/p>\n<ul>\n<li>MMEs innovativen L\u00f6sungsans\u00e4tzen<\/li>\n<li>MMEs exzellentem Netzwerk<\/li>\n<li>MMEs Separations Know-how<\/li>\n<\/ul>\n<h3>DIE ZUKUNFT STECKT IN DER ERDE<\/h3>\n","protected":false},"excerpt":{"rendered":"<p>M-Mineral Solutions Chemische Erzaufbereitung Der Bestand an hochwertigen Erzen nimmt ab, wodurch der Markt gezwungen ist nach neuen Prozessen Ausschau zu halten, die minderwertige Rohstoffe verarbeiten k\u00f6nnen, zus\u00e4tzlich energieeffizient sind und die Umwelt schonen. MME Engineering vereinigt chemische und verfahrenstechnische Denkweisen zu einer idealen technischen L\u00f6sung. W\u00e4hrend ein Chemiker den Fokus auf die Thermodynamik und [&hellip;]<\/p>\n","protected":false},"author":2,"featured_media":0,"parent":0,"menu_order":0,"comment_status":"closed","ping_status":"closed","template":"template_builder.php","meta":{"footnotes":""},"class_list":["post-23","page","type-page","status-publish","hentry"],"aioseo_notices":[],"_links":{"self":[{"href":"https:\/\/www.mme-engineering.at\/de\/wp-json\/wp\/v2\/pages\/23","targetHints":{"allow":["GET"]}}],"collection":[{"href":"https:\/\/www.mme-engineering.at\/de\/wp-json\/wp\/v2\/pages"}],"about":[{"href":"https:\/\/www.mme-engineering.at\/de\/wp-json\/wp\/v2\/types\/page"}],"author":[{"embeddable":true,"href":"https:\/\/www.mme-engineering.at\/de\/wp-json\/wp\/v2\/users\/2"}],"replies":[{"embeddable":true,"href":"https:\/\/www.mme-engineering.at\/de\/wp-json\/wp\/v2\/comments?post=23"}],"version-history":[{"count":14,"href":"https:\/\/www.mme-engineering.at\/de\/wp-json\/wp\/v2\/pages\/23\/revisions"}],"predecessor-version":[{"id":613,"href":"https:\/\/www.mme-engineering.at\/de\/wp-json\/wp\/v2\/pages\/23\/revisions\/613"}],"wp:attachment":[{"href":"https:\/\/www.mme-engineering.at\/de\/wp-json\/wp\/v2\/media?parent=23"}],"curies":[{"name":"wp","href":"https:\/\/api.w.org\/{rel}","templated":true}]}}