{"id":182,"date":"2014-10-28T14:26:34","date_gmt":"2014-10-28T12:26:34","guid":{"rendered":"http:\/\/www.mme-engineering.at\/?page_id=182"},"modified":"2014-11-25T15:19:16","modified_gmt":"2014-11-25T13:19:16","slug":"computerunterstuetzte-prozesssimulation","status":"publish","type":"page","link":"https:\/\/www.mme-engineering.at\/de\/prozesssimulation\/computerunterstuetzte-prozesssimulation\/","title":{"rendered":"Computerunterst\u00fctzte Prozesssimulation"},"content":{"rendered":"<h1>Computerunterst\u00fctzte Prozesssimulation<\/h1>\n<p>In der Verfahrenstechnik der chemischen Industrie werden st\u00e4ndig h\u00f6here Anforderungen hinsichtlich Prozesssicherheit und Produktqualit\u00e4t gestellt. Gleichzeitig sollen teure Fehler im Engineering und in der Prozessf\u00fchrung vermieden werden. Mit Hilfe der computerunterst\u00fctzten Prozesssimulation auf Basis der <strong>CFD<\/strong> (<strong>C<\/strong>omputional <strong>F<\/strong>luid <strong>D<\/strong>ynamics) k\u00f6nnen diese Fehler schon im Vorfeld vermieden werden, da es mit dieser Technologie m\u00f6glich ist, Optimierungen in der Prozessf\u00fchrungen oder im Equipmentdesign vor der Projektumsetzung virtuell zu entwickeln. Die Methodik der CFD z\u00e4hlt zu den Finite Elemente Techniken. Dabei wird der zu simulierende Bereich in eine Vielzahl an Volumszellen unterteilt, man spricht hierbei von der Diskretisierung des Modells. In einem iterativen L\u00f6sungsverfahren werden f\u00fcr jede Zelle ein Satz von Differentialgleichungen gel\u00f6st, die sogenannte Navier-Stokes-Gleichungen. Die <strong>Navier-Stokes-Gleichungen<\/strong> beschreiben die Str\u00f6mung von newtonschen Fl\u00fcssigkeiten und Gasen. Das Gesamtproblem wird nach Definition der Prozessrandbedingungen unter der Pr\u00e4misse des Massen-, Impuls- und Energieerhalts gel\u00f6st. Dar\u00fcberhinaus kann das Turbulenzproblem der Str\u00f6mung mit Zustandsgleichungen von chemischen Reaktionen, z.B. Verbrennung, gekoppelt werden. Auf Basis der beschriebenen Technologie k\u00f6nnen folgende Themen bearbeitet werden:<\/p>\n<ul>\n<li>Entwicklung von Reaktordesigns (zB. Leitblechkonfiguration, Performance von statischen Mischer, etc)<\/li>\n<li>Optimierungen von W\u00e4rmetauschern bez\u00fcglich Anstr\u00f6mung und Gr\u00e4digkeit<\/li>\n<li>Minimierung von Druckverlusten<\/li>\n<li>Entwicklung von Brennerdesigns<\/li>\n<li>Erh\u00f6hung der Produktionskapazit\u00e4ten<\/li>\n<li>Adaptierungen von Ofenanlagen (Drehrohr\u00f6fen, Schacht\u00f6fen, Tunnel\u00f6fen)<\/li>\n<li>Verbesserung der Energieeffizienz<\/li>\n<li>Auslegung von Verbrennungskammern<\/li>\n<li>Simulation von Trajektorien von partikelbeladenen Str\u00f6mungen (E-Filter-Design, Zyklonabscheider)<\/li>\n<li>Etc.<\/li>\n<\/ul>\n<p>Repr\u00e4sentative Simulationsbeispiele finden Sie in dem Folder \u201eComputer Aided Engineering\u201c im Downloadbereich.<\/p>\n<p>&nbsp;<\/p>\n<a href=\"\/de\/prozesssimulation\" title=\"Zur\u00fcck zu\u00a0Prozesssimulation\" class=\"btn btn-default btn-small btn-shortcode\" target=\"_self\"><i class=\"icon-fa fa-arrow-circle-left\"><\/i> Zur\u00fcck zu\u00a0Prozesssimulation<\/a>\n","protected":false},"excerpt":{"rendered":"<p>Computerunterst\u00fctzte Prozesssimulation In der Verfahrenstechnik der chemischen Industrie werden st\u00e4ndig h\u00f6here Anforderungen hinsichtlich Prozesssicherheit und Produktqualit\u00e4t gestellt. Gleichzeitig sollen teure Fehler im Engineering und in der Prozessf\u00fchrung vermieden werden. Mit Hilfe der computerunterst\u00fctzten Prozesssimulation auf Basis der CFD (Computional Fluid Dynamics) k\u00f6nnen diese Fehler schon im Vorfeld vermieden werden, da es mit dieser Technologie m\u00f6glich [&hellip;]<\/p>\n","protected":false},"author":2,"featured_media":0,"parent":71,"menu_order":1,"comment_status":"closed","ping_status":"closed","template":"template_builder.php","meta":{"footnotes":""},"class_list":["post-182","page","type-page","status-publish","hentry"],"aioseo_notices":[],"_links":{"self":[{"href":"https:\/\/www.mme-engineering.at\/de\/wp-json\/wp\/v2\/pages\/182","targetHints":{"allow":["GET"]}}],"collection":[{"href":"https:\/\/www.mme-engineering.at\/de\/wp-json\/wp\/v2\/pages"}],"about":[{"href":"https:\/\/www.mme-engineering.at\/de\/wp-json\/wp\/v2\/types\/page"}],"author":[{"embeddable":true,"href":"https:\/\/www.mme-engineering.at\/de\/wp-json\/wp\/v2\/users\/2"}],"replies":[{"embeddable":true,"href":"https:\/\/www.mme-engineering.at\/de\/wp-json\/wp\/v2\/comments?post=182"}],"version-history":[{"count":7,"href":"https:\/\/www.mme-engineering.at\/de\/wp-json\/wp\/v2\/pages\/182\/revisions"}],"predecessor-version":[{"id":602,"href":"https:\/\/www.mme-engineering.at\/de\/wp-json\/wp\/v2\/pages\/182\/revisions\/602"}],"up":[{"embeddable":true,"href":"https:\/\/www.mme-engineering.at\/de\/wp-json\/wp\/v2\/pages\/71"}],"wp:attachment":[{"href":"https:\/\/www.mme-engineering.at\/de\/wp-json\/wp\/v2\/media?parent=182"}],"curies":[{"name":"wp","href":"https:\/\/api.w.org\/{rel}","templated":true}]}}