{"id":18,"date":"2014-10-16T13:05:41","date_gmt":"2014-10-16T11:05:41","guid":{"rendered":"http:\/\/www.mme-engineering.at\/?page_id=18"},"modified":"2014-11-24T12:43:52","modified_gmt":"2014-11-24T10:43:52","slug":"mme-engineering","status":"publish","type":"page","link":"https:\/\/www.mme-engineering.at\/de\/mme-engineering\/","title":{"rendered":"MME Engineering"},"content":{"rendered":"<h1>MME Engineering<\/h1>\n<div class=\"accordion-group\"><div class=\"accordion-heading\"><a class=\"accordion-toggle\" data-toggle=\"collapse\" href=\"#toggle_55620154769f26bbcb65ee\"><i class=\"icon-sign switch-me\"><\/i> <\/p>\n<h2>Gr\u00fcnder<\/h2>\n<h3>Dr. Roman Schiesser<\/h3>\n<p><\/a><\/div><!-- .accordion-heading (end) --><div id=\"toggle_55620154769f26bbcb65ee\" class=\"accordion-body collapse\"><div class=\"accordion-inner\"><h4>Chemiker \/ Anorganischer Technologe<br \/>\nEigent\u00fcmer MME Engineering<\/h4>\n<p>Dr. Roman Schie\u00dfer kann mehrere Jahre Industrieerfahrung im Bereich anorganisch-chemische Prozesse und Verfahrenstechnik vorweisen. W\u00e4hrend seines Doktoratsstudiums an der Technischen Universit\u00e4t Wien spezialisierte er sich im Bereich der Hydrometallurgie. Besonderes Augenmerk galt der Aufbereitung von Wolfram aus Sekund\u00e4rrohstoffen. Bereits alle akademischen Arbeiten waren sehr praxisorientiert, da reale Problemstellungen eines weltweit f\u00fchrenden Wolframherstellers gel\u00f6st wurden. Seinen beruflichen Werdegang startete Dr. Schie\u00dfer in der Feuerfestindustrie als Prozessingenieur und Technologieentwickler. W\u00e4hrend dieser Zeit entwickelte er einen neuartigen Hochtemperatur-Verbrennungsprozess, bei dem sowohl der Energieverbrauch als auch die Emissionssituation deutlich verbessert wurde. Als verantwortlicher Ingenieur gelang es dadurch, neue Wege in der Brenntechnologie f\u00fcr Feuerfestkeramik aufzuzeigen.<\/p>\n<p>Die n\u00e4chste Station in Roman Schie\u00dfers Karriereweg f\u00fchrte tiefer in den Bereich der Prozessentwicklung. Nach einem Unternehmenswechsel sammelte er Erfahrung als Prozess- und CFD-Ingenieur im Umwelttechniksektor. Seine wesentlichen Verantwortungen betrafen das Design und Layouten von Prozessen und Prozesskomponenten von SCR-Reaktoren, Spr\u00fchverdampfern, W\u00e4schern und SNOx-Reaktoren. Die Auftr\u00e4ge stammten gr\u00f6\u00dftenteils aus der \u00d6lindustrie bzw. von Energieversorgern.<\/p>\n<p>Nach mehrj\u00e4hriger T\u00e4tigkeit in diesem Bereich f\u00fchrte der n\u00e4chst Karriereschritt zu SMS Siemag AG, einem weltweit f\u00fchrenden Anlagenbau-Unternehmen im Metallurgiebereich. Als F&amp;E-Leiter war er f\u00fcr die Entwicklung hydrometallurgischer Prozesse verantwortlich.<\/p>\n<\/div><!-- .accordion-inner (end) --><\/div><!-- .accordion-body (end) --><\/div><!-- .accordion-group (end) --><br \/>\n<div class=\"accordion-group\"><div class=\"accordion-heading\"><a class=\"accordion-toggle\" data-toggle=\"collapse\" href=\"#toggle_122976026169f26bbcb6692\"><i class=\"icon-sign switch-me\"><\/i> <\/p>\n<h2>Partner<\/h2>\n<p><\/a><\/div><!-- .accordion-heading (end) --><div id=\"toggle_122976026169f26bbcb6692\" class=\"accordion-body collapse\"><div class=\"accordion-inner\"><\/p>\n<h3>CEST<\/h3>\n<p>Die Kooperation von MME Engineering mit dem Forschungszentrum CEST erm\u00f6glicht eine professionelle und effiziente Abwicklung von Projekten im Bereich \u201cAnorganischer Technologie\u201d. MME Engineering kann dadurch auf hochqualifizierte Spezialisten und auf Hightech-Analysenger\u00e4te zur\u00fcckgreifen. Somit lassen sich vielf\u00e4ltigste Fragestellungen im Bereich anorganische Technologien und hydrometallurgische Prozessentwicklung zielgerichtet und effektiv beantworten.<\/p>\n<\/div><!-- .accordion-inner (end) --><\/div><!-- .accordion-body (end) --><\/div><!-- .accordion-group (end) --><br \/>\n<div class=\"accordion-group\"><div class=\"accordion-heading\"><a class=\"accordion-toggle\" data-toggle=\"collapse\" href=\"#toggle_177818797369f26bbcb66f0\"><i class=\"icon-sign switch-me\"><\/i> <\/p>\n<h2>MME in einem Bild<\/h2>\n<p><\/a><\/div><!-- .accordion-heading (end) --><div id=\"toggle_177818797369f26bbcb66f0\" class=\"accordion-body collapse\"><div class=\"accordion-inner\"><\/p>\n<h3>Engineering and Science<\/h3>\n<p><img loading=\"lazy\" decoding=\"async\" class=\"alignnone size-full wp-image-517\" src=\"http:\/\/www.mme-engineering.at\/wp-content\/uploads\/2014\/11\/mme_in_einem_bild_de.jpg\" alt=\"MME in einem Bild\" width=\"800\" height=\"600\" srcset=\"https:\/\/www.mme-engineering.at\/wp-content\/uploads\/2014\/11\/mme_in_einem_bild_de.jpg 800w, https:\/\/www.mme-engineering.at\/wp-content\/uploads\/2014\/11\/mme_in_einem_bild_de-300x225.jpg 300w, https:\/\/www.mme-engineering.at\/wp-content\/uploads\/2014\/11\/mme_in_einem_bild_de-620x465.jpg 620w, https:\/\/www.mme-engineering.at\/wp-content\/uploads\/2014\/11\/mme_in_einem_bild_de-195x146.jpg 195w\" sizes=\"auto, (max-width: 800px) 100vw, 800px\" \/><\/p>\n<\/div><!-- .accordion-inner (end) --><\/div><!-- .accordion-body (end) --><\/div><!-- .accordion-group (end) --><\/p>\n","protected":false},"excerpt":{"rendered":"<p>MME Engineering<\/p>\n","protected":false},"author":2,"featured_media":0,"parent":0,"menu_order":0,"comment_status":"closed","ping_status":"closed","template":"template_builder.php","meta":{"footnotes":""},"class_list":["post-18","page","type-page","status-publish","hentry"],"aioseo_notices":[],"_links":{"self":[{"href":"https:\/\/www.mme-engineering.at\/de\/wp-json\/wp\/v2\/pages\/18","targetHints":{"allow":["GET"]}}],"collection":[{"href":"https:\/\/www.mme-engineering.at\/de\/wp-json\/wp\/v2\/pages"}],"about":[{"href":"https:\/\/www.mme-engineering.at\/de\/wp-json\/wp\/v2\/types\/page"}],"author":[{"embeddable":true,"href":"https:\/\/www.mme-engineering.at\/de\/wp-json\/wp\/v2\/users\/2"}],"replies":[{"embeddable":true,"href":"https:\/\/www.mme-engineering.at\/de\/wp-json\/wp\/v2\/comments?post=18"}],"version-history":[{"count":15,"href":"https:\/\/www.mme-engineering.at\/de\/wp-json\/wp\/v2\/pages\/18\/revisions"}],"predecessor-version":[{"id":653,"href":"https:\/\/www.mme-engineering.at\/de\/wp-json\/wp\/v2\/pages\/18\/revisions\/653"}],"wp:attachment":[{"href":"https:\/\/www.mme-engineering.at\/de\/wp-json\/wp\/v2\/media?parent=18"}],"curies":[{"name":"wp","href":"https:\/\/api.w.org\/{rel}","templated":true}]}}