{"id":168,"date":"2014-10-28T14:01:02","date_gmt":"2014-10-28T12:01:02","guid":{"rendered":"http:\/\/www.mme-engineering.at\/?page_id=168"},"modified":"2014-11-20T10:14:35","modified_gmt":"2014-11-20T08:14:35","slug":"rueckgewinnung-von-lithium-aus-elektrischen-energiespeichereinheiten","status":"publish","type":"page","link":"https:\/\/www.mme-engineering.at\/de\/hydrometallurgyurban-mining\/rueckgewinnung-von-lithium-aus-elektrischen-energiespeichereinheiten\/","title":{"rendered":"R\u00fcckgewinnung von Lithium aus elektrischen Energiespeichereinheiten"},"content":{"rendered":"<h1>R\u00fcckgewinnung von Lithium aus elektrischen Energiespeichereinheiten<\/h1>\n<p>Im Zuge der aufkeimenden Elektromobilit\u00e4t ist das Thema \u201eMobile Stromversorgung\u201c von zentraler Bedeutung. Der momentane Stand der Technik f\u00fcr kompakte und mobile Stromversorgungseinheiten in Elektrofahrzeugen ist der Lithium-Ionen-Akku. Neben dieser Akku-Technologie gibt es noch zahlreiche andere Konzepte auf Basis Nickel-Cadmium oder Metallhydrid-Technologien. Der Lithium-Akku gilt als aussichtsreichste Variante f\u00fcr die Zukunft. Aus diesem Grund wird die Nachfrage nach Lithium zusammen mit immer mehr auf den Markt kommenden Elektroautomobilen und anderen Ger\u00e4ten weiter zunehmen. Die Lithium-Ionen-Technologie gilt jedoch als teuer. Nach dem aktuellen Stand der Entwicklungsstufe der Elektromobilit\u00e4t ist die Batterie das Teuerste am Elektroauto. Dies h\u00e4ngt auch mit der Rohstoffversorgung des Marktes zusammen. Ein wesentlicher Ansatz zur Reduktion der Akkupreise ist aus Sicht von MME der, dass Technologien zur Verf\u00fcgung gestellt werden, die den Rohstoff Lithium aus kaputten Lithium-Ionen-Akkumulatoren als Reinstoff r\u00fcckgewonnen werden soll, um diesen in einem geschlossenem Kreislauf der produzierenden Industrie zugef\u00fchrt wird. Da Lithium-Ionen-Akkumulatoren aus einer Vielzahl an unterschiedlichen Werkstoffen bestehen, ist nun die Herausforderung die, passende technologische Konzepte zur Separation der einzelnen Metallfraktionen zu designen. MME stellt sich der Herausforderung geeignete Recycling-Konzepte zu etablieren.<\/p>\n<p>&nbsp;<\/p>\n<a href=\"\/de\/hydrometallurgyurban-mining\" title=\"Zur\u00fcck zu Hydrometallurgy\/Urban Mining\" class=\"btn btn-default btn-small btn-shortcode\" target=\"_self\"><i class=\"icon-fa fa-arrow-circle-left\"><\/i> Zur\u00fcck zu Hydrometallurgy\/Urban Mining<\/a>\n","protected":false},"excerpt":{"rendered":"<p>R\u00fcckgewinnung von Lithium aus elektrischen Energiespeichereinheiten Im Zuge der aufkeimenden Elektromobilit\u00e4t ist das Thema \u201eMobile Stromversorgung\u201c von zentraler Bedeutung. Der momentane Stand der Technik f\u00fcr kompakte und mobile Stromversorgungseinheiten in Elektrofahrzeugen ist der Lithium-Ionen-Akku. Neben dieser Akku-Technologie gibt es noch zahlreiche andere Konzepte auf Basis Nickel-Cadmium oder Metallhydrid-Technologien. Der Lithium-Akku gilt als aussichtsreichste Variante f\u00fcr [&hellip;]<\/p>\n","protected":false},"author":2,"featured_media":0,"parent":69,"menu_order":7,"comment_status":"closed","ping_status":"closed","template":"template_builder.php","meta":{"footnotes":""},"class_list":["post-168","page","type-page","status-publish","hentry"],"aioseo_notices":[],"_links":{"self":[{"href":"https:\/\/www.mme-engineering.at\/de\/wp-json\/wp\/v2\/pages\/168","targetHints":{"allow":["GET"]}}],"collection":[{"href":"https:\/\/www.mme-engineering.at\/de\/wp-json\/wp\/v2\/pages"}],"about":[{"href":"https:\/\/www.mme-engineering.at\/de\/wp-json\/wp\/v2\/types\/page"}],"author":[{"embeddable":true,"href":"https:\/\/www.mme-engineering.at\/de\/wp-json\/wp\/v2\/users\/2"}],"replies":[{"embeddable":true,"href":"https:\/\/www.mme-engineering.at\/de\/wp-json\/wp\/v2\/comments?post=168"}],"version-history":[{"count":5,"href":"https:\/\/www.mme-engineering.at\/de\/wp-json\/wp\/v2\/pages\/168\/revisions"}],"predecessor-version":[{"id":593,"href":"https:\/\/www.mme-engineering.at\/de\/wp-json\/wp\/v2\/pages\/168\/revisions\/593"}],"up":[{"embeddable":true,"href":"https:\/\/www.mme-engineering.at\/de\/wp-json\/wp\/v2\/pages\/69"}],"wp:attachment":[{"href":"https:\/\/www.mme-engineering.at\/de\/wp-json\/wp\/v2\/media?parent=168"}],"curies":[{"name":"wp","href":"https:\/\/api.w.org\/{rel}","templated":true}]}}