{"id":166,"date":"2014-10-28T13:59:29","date_gmt":"2014-10-28T11:59:29","guid":{"rendered":"http:\/\/www.mme-engineering.at\/?page_id=166"},"modified":"2014-11-04T12:16:01","modified_gmt":"2014-11-04T10:16:01","slug":"separation-von-kupfer-aus-metallischen-und-anorganischen-mischfraktionen","status":"publish","type":"page","link":"https:\/\/www.mme-engineering.at\/de\/hydrometallurgyurban-mining\/separation-von-kupfer-aus-metallischen-und-anorganischen-mischfraktionen\/","title":{"rendered":"Separation von Kupfer aus metallischen und anorganischen Mischfraktionen"},"content":{"rendered":"<h1>Separation von Kupfer aus metallischen und anorganischen Mischfraktionen<\/h1>\n<p>Kupfer war eines der ersten Metalle, die der Menschheit in seiner technologischen Entwicklung weiterbrachte. Es ist mit Sicherheit ein Metall, das noch heutzutage einen extrem wichtigen Stellenwert in\u00a0 der Technologie hat. Insbesondere im elektrotechnischen Bereich ist Kupfer kaum durch andere Metalle zu ersetzen. Praktisch alle elektronischen und elektrotechnischen Bauteile sind aus einer Vielzahl unterschiedlicher Metalle gefertigt. Eine sortenreine Separation von Kupfer verlangt entsprechendes Wissen \u00fcber den hydrometallurgischen Chemismus. MME kennt entsprechende technologische Strategien f\u00fcr die R\u00fcckgewinnung von Kupfer aus sekund\u00e4ren Rohstoffen, wie Schlacken und Schrotten. In der Disziplin der Hydrometallurgie sind viele technologische Konzepte m\u00f6glich, um das gew\u00fcnschte Ziel zu erreichen.<\/p>\n<p>&nbsp;<\/p>\n<a href=\"\/mme2\/de\/hydrometallurgyurban-mining\" title=\"Zur\u00fcck zu Hydrometallurgy\/Urban Mining\" class=\"btn btn-default btn-small btn-shortcode\" target=\"_self\"><i class=\"icon-fa fa-arrow-circle-left\"><\/i> Zur\u00fcck zu Hydrometallurgy\/Urban Mining<\/a>\n","protected":false},"excerpt":{"rendered":"<p>Separation von Kupfer aus metallischen und anorganischen Mischfraktionen Kupfer war eines der ersten Metalle, die der Menschheit in seiner technologischen Entwicklung weiterbrachte. Es ist mit Sicherheit ein Metall, das noch heutzutage einen extrem wichtigen Stellenwert in\u00a0 der Technologie hat. Insbesondere im elektrotechnischen Bereich ist Kupfer kaum durch andere Metalle zu ersetzen. Praktisch alle elektronischen und [&hellip;]<\/p>\n","protected":false},"author":2,"featured_media":0,"parent":69,"menu_order":5,"comment_status":"closed","ping_status":"closed","template":"template_builder.php","meta":{"footnotes":""},"class_list":["post-166","page","type-page","status-publish","hentry"],"aioseo_notices":[],"_links":{"self":[{"href":"https:\/\/www.mme-engineering.at\/de\/wp-json\/wp\/v2\/pages\/166","targetHints":{"allow":["GET"]}}],"collection":[{"href":"https:\/\/www.mme-engineering.at\/de\/wp-json\/wp\/v2\/pages"}],"about":[{"href":"https:\/\/www.mme-engineering.at\/de\/wp-json\/wp\/v2\/types\/page"}],"author":[{"embeddable":true,"href":"https:\/\/www.mme-engineering.at\/de\/wp-json\/wp\/v2\/users\/2"}],"replies":[{"embeddable":true,"href":"https:\/\/www.mme-engineering.at\/de\/wp-json\/wp\/v2\/comments?post=166"}],"version-history":[{"count":4,"href":"https:\/\/www.mme-engineering.at\/de\/wp-json\/wp\/v2\/pages\/166\/revisions"}],"predecessor-version":[{"id":378,"href":"https:\/\/www.mme-engineering.at\/de\/wp-json\/wp\/v2\/pages\/166\/revisions\/378"}],"up":[{"embeddable":true,"href":"https:\/\/www.mme-engineering.at\/de\/wp-json\/wp\/v2\/pages\/69"}],"wp:attachment":[{"href":"https:\/\/www.mme-engineering.at\/de\/wp-json\/wp\/v2\/media?parent=166"}],"curies":[{"name":"wp","href":"https:\/\/api.w.org\/{rel}","templated":true}]}}