{"id":164,"date":"2014-10-28T13:57:17","date_gmt":"2014-10-28T11:57:17","guid":{"rendered":"http:\/\/www.mme-engineering.at\/?page_id=164"},"modified":"2014-11-20T10:14:15","modified_gmt":"2014-11-20T08:14:15","slug":"gewinnung-von-reinmetallen-aus-urbanen-lagerstaetten","status":"publish","type":"page","link":"https:\/\/www.mme-engineering.at\/de\/hydrometallurgyurban-mining\/gewinnung-von-reinmetallen-aus-urbanen-lagerstaetten\/","title":{"rendered":"Gewinnung von Reinmetallen aus urbanen Lagerst\u00e4tten"},"content":{"rendered":"<h1>Gewinnung von Reinmetallen aus urbanen Lagerst\u00e4tten<\/h1>\n<p>Der \u00dcberbegriff \u201eUrban Mining\u201c ist in der Fachwelt in aller Munde und steht f\u00fcr eine zunehmende Bereitschaft auch im Bereich der Sicherstellung der Rohstoffversorgung Konzepte zu entwickeln aus bestehenden Abfalllagerst\u00e4tten Wertstoffe zu extrahieren, um diese der Fertigungsindustrie wieder zuzuf\u00fchren. Der Zugang von MME Engineering zu diesem Thema liegt in hydrometallurgischen Konzepten. Alte Lagerst\u00e4tten, die unter Umst\u00e4nden viele verschiedene Metalle beherbergen, w\u00fcrden mittels chemischen Aufschluss in die w\u00e4ssrige Phase \u00fcberf\u00fchrt werden. Mittels Separationsschritten k\u00f6nnte man Reinmetalle gewinnen.<\/p>\n<p>&nbsp;<\/p>\n<a href=\"\/de\/hydrometallurgyurban-mining\" title=\"Zur\u00fcck zu Hydrometallurgy\/Urban Mining\" class=\"btn btn-default btn-small btn-shortcode\" target=\"_self\"><i class=\"icon-fa fa-arrow-circle-left\"><\/i> Zur\u00fcck zu Hydrometallurgy\/Urban Mining<\/a>\n","protected":false},"excerpt":{"rendered":"<p>Gewinnung von Reinmetallen aus urbanen Lagerst\u00e4tten Der \u00dcberbegriff \u201eUrban Mining\u201c ist in der Fachwelt in aller Munde und steht f\u00fcr eine zunehmende Bereitschaft auch im Bereich der Sicherstellung der Rohstoffversorgung Konzepte zu entwickeln aus bestehenden Abfalllagerst\u00e4tten Wertstoffe zu extrahieren, um diese der Fertigungsindustrie wieder zuzuf\u00fchren. Der Zugang von MME Engineering zu diesem Thema liegt in [&hellip;]<\/p>\n","protected":false},"author":2,"featured_media":0,"parent":69,"menu_order":4,"comment_status":"closed","ping_status":"closed","template":"template_builder.php","meta":{"footnotes":""},"class_list":["post-164","page","type-page","status-publish","hentry"],"aioseo_notices":[],"_links":{"self":[{"href":"https:\/\/www.mme-engineering.at\/de\/wp-json\/wp\/v2\/pages\/164","targetHints":{"allow":["GET"]}}],"collection":[{"href":"https:\/\/www.mme-engineering.at\/de\/wp-json\/wp\/v2\/pages"}],"about":[{"href":"https:\/\/www.mme-engineering.at\/de\/wp-json\/wp\/v2\/types\/page"}],"author":[{"embeddable":true,"href":"https:\/\/www.mme-engineering.at\/de\/wp-json\/wp\/v2\/users\/2"}],"replies":[{"embeddable":true,"href":"https:\/\/www.mme-engineering.at\/de\/wp-json\/wp\/v2\/comments?post=164"}],"version-history":[{"count":5,"href":"https:\/\/www.mme-engineering.at\/de\/wp-json\/wp\/v2\/pages\/164\/revisions"}],"predecessor-version":[{"id":591,"href":"https:\/\/www.mme-engineering.at\/de\/wp-json\/wp\/v2\/pages\/164\/revisions\/591"}],"up":[{"embeddable":true,"href":"https:\/\/www.mme-engineering.at\/de\/wp-json\/wp\/v2\/pages\/69"}],"wp:attachment":[{"href":"https:\/\/www.mme-engineering.at\/de\/wp-json\/wp\/v2\/media?parent=164"}],"curies":[{"name":"wp","href":"https:\/\/api.w.org\/{rel}","templated":true}]}}