{"id":159,"date":"2014-10-28T13:45:27","date_gmt":"2014-10-28T11:45:27","guid":{"rendered":"http:\/\/www.mme-engineering.at\/?page_id=159"},"modified":"2014-11-20T10:14:04","modified_gmt":"2014-11-20T08:14:04","slug":"kontrolltechnologien-fuer-eisen-rotschlammaufbereitung","status":"publish","type":"page","link":"https:\/\/www.mme-engineering.at\/de\/hydrometallurgyurban-mining\/kontrolltechnologien-fuer-eisen-rotschlammaufbereitung\/","title":{"rendered":"Kontrolltechnologien f\u00fcr Eisen \/ Rotschlammaufbereitung"},"content":{"rendered":"<h1>Kontrolltechnologien f\u00fcr Eisen \/ Rotschlammaufbereitung<\/h1>\n<h2>Kontrolltechnologien f\u00fcr Eisen in der Hydrometallurgie<\/h2>\n<p>Eisen ist als Begleitstoff beinahe in allen Ausgangsstoffen zugegen. Die Thematik der Eisenkontrolle ist Gegenstand st\u00e4ndiger Fachdiskussionen, was zeigt, wie wichtig diese Thematik f\u00fcr das Refining in der Hydrometallurgie ist. Die hydrolytische F\u00e4llung von H\u00e4matit aus salzsauren oder schwefelsauren L\u00f6sungen ist eine technologische M\u00f6glichkeit zur selektiven Abscheidung der Eisenfraktion aus w\u00e4ssrigen Laugen. Dieser Prozess ist in der Literatur unter dem Namen PORI-Prozess bekannt und kann in Kombination mit vielen anderen hydrometallurgischen Prozessschritten zur Gestaltung eines Gesamtprozesses eingesetzt werden.<\/p>\n<h2>Rotschlammaufbereitung aus der Aluminiumindustrie<\/h2>\n<p>Rotschlamm ist ein eisenh\u00e4ltiges Abfallprodukt aus der Gewinnung von Aluminium aus seinen Erzen. Das klassische Verfahren hei\u00dft Bayer-Verfahren. Die charakteristische Farbe aus seinen Erzen stammt von Eisen(III)-Verbindungen. Meist handelt es sich um Fe(OH)3 oder Fe2O3. Neben Eisen sind in Abh\u00e4ngigkeit der Herkunft des Erzes auch nennenswerte Mengen an TiO2 in den Rotschl\u00e4mmen vorhanden. In Spure k\u00f6nnen auch giftige Schwermetalle, wie Quecksilber, Cadmium, Chrom, Arsen enthalten sein. Die Rotschl\u00e4mme werden deponiert und meistens nicht einer weiteren Aufarbeitung zugef\u00fchrt. Zum Umweltproblem werden diese Deponien dann, wenn giftige Stoffe aus der Deponie in das Grundwasser gelangen oder D\u00e4mme brechen und ganz Landstriche verseuchen. So geschehen in Ungarn im Jahr 2010.<\/p>\n<p><strong>MME Engineering<\/strong> sieht sich in der Lage, hier einen technologischen Beitrag zur Aufarbeitung von Rotschl\u00e4mmen zur Gewinnung von Eisen zu leisten.<\/p>\n<p>&nbsp;<\/p>\n<a href=\"\/de\/hydrometallurgyurban-mining\" title=\"Zur\u00fcck zu Hydrometallurgy\/Urban Mining\" class=\"btn btn-default btn-small btn-shortcode\" target=\"_self\"><i class=\"icon-fa fa-arrow-circle-left\"><\/i> Zur\u00fcck zu Hydrometallurgy\/Urban Mining<\/a>\n","protected":false},"excerpt":{"rendered":"<p>Kontrolltechnologien f\u00fcr Eisen \/ Rotschlammaufbereitung Kontrolltechnologien f\u00fcr Eisen in der Hydrometallurgie Eisen ist als Begleitstoff beinahe in allen Ausgangsstoffen zugegen. Die Thematik der Eisenkontrolle ist Gegenstand st\u00e4ndiger Fachdiskussionen, was zeigt, wie wichtig diese Thematik f\u00fcr das Refining in der Hydrometallurgie ist. Die hydrolytische F\u00e4llung von H\u00e4matit aus salzsauren oder schwefelsauren L\u00f6sungen ist eine technologische M\u00f6glichkeit [&hellip;]<\/p>\n","protected":false},"author":2,"featured_media":0,"parent":69,"menu_order":3,"comment_status":"closed","ping_status":"closed","template":"template_builder.php","meta":{"footnotes":""},"class_list":["post-159","page","type-page","status-publish","hentry"],"aioseo_notices":[],"_links":{"self":[{"href":"https:\/\/www.mme-engineering.at\/de\/wp-json\/wp\/v2\/pages\/159","targetHints":{"allow":["GET"]}}],"collection":[{"href":"https:\/\/www.mme-engineering.at\/de\/wp-json\/wp\/v2\/pages"}],"about":[{"href":"https:\/\/www.mme-engineering.at\/de\/wp-json\/wp\/v2\/types\/page"}],"author":[{"embeddable":true,"href":"https:\/\/www.mme-engineering.at\/de\/wp-json\/wp\/v2\/users\/2"}],"replies":[{"embeddable":true,"href":"https:\/\/www.mme-engineering.at\/de\/wp-json\/wp\/v2\/comments?post=159"}],"version-history":[{"count":8,"href":"https:\/\/www.mme-engineering.at\/de\/wp-json\/wp\/v2\/pages\/159\/revisions"}],"predecessor-version":[{"id":590,"href":"https:\/\/www.mme-engineering.at\/de\/wp-json\/wp\/v2\/pages\/159\/revisions\/590"}],"up":[{"embeddable":true,"href":"https:\/\/www.mme-engineering.at\/de\/wp-json\/wp\/v2\/pages\/69"}],"wp:attachment":[{"href":"https:\/\/www.mme-engineering.at\/de\/wp-json\/wp\/v2\/media?parent=159"}],"curies":[{"name":"wp","href":"https:\/\/api.w.org\/{rel}","templated":true}]}}