{"id":121,"date":"2014-10-24T13:11:44","date_gmt":"2014-10-24T11:11:44","guid":{"rendered":"http:\/\/www.mme-engineering.at\/?page_id=121"},"modified":"2014-11-25T15:04:12","modified_gmt":"2014-11-25T13:04:12","slug":"aufarbeitung-aluminiumhaeltiger-ausgangsstoffe","status":"publish","type":"page","link":"https:\/\/www.mme-engineering.at\/de\/hydrometallurgyurban-mining\/aufarbeitung-aluminiumhaeltiger-ausgangsstoffe\/","title":{"rendered":"Aufarbeitung aluminiumh\u00e4ltiger Ausgangsstoffe"},"content":{"rendered":"<h1>Aufarbeitung aluminiumh\u00e4ltiger Ausgangsstoffe<\/h1>\n<p>Das heutzutage praktisch ausschlie\u00dflich durchgef\u00fchrte Verfahren zur Gewinnung von Aluminium ist das sogenannte Bayer-Verfahren. Bei diesem Prozess wird Bauxit unter Druck mit Natronlauge bei 180\u00b0C aufgeschlossen. Hierbei l\u00f6st sich Aluminium selektiv als Na[Al(OH)4], w\u00e4hrend Eisen als Oxid-Hydrat (Rotschlamm) mittels Filtration abgetrennt wird. Wegen der feinen Verteilung des Niederschlages ist die Filtration oft mit gro\u00dfen prozesstechnischen Problemen behaftet. Die Aluminiumfraktion wird zur Kristallisation gebracht und schlie\u00dflich bei etwa 1200\u00b0C zu -Aluminiumoxid umgewandelt. Die Kiesels\u00e4ure des Bauxits geht beim nassen Aufschluss gr\u00f6\u00dftenteils in das unl\u00f6sliche Natrium-aluminium-silikat \u00fcber, das gemeinsam mit Rotschlamm ausf\u00e4llt. Die Bildung dieser Silikate ist demnach mit Aluminiumverlusten verbunden, welche naturgem\u00e4\u00df mit h\u00f6heren SiO2-Konzentrationen des Bauxits steigen. Aus diesem Grund gibt es f\u00fcr das klassische Bayer-Verfahren, das \u00fcber die Jahrzehnte hinweg stetig optimiert wurde, Limitierungen der Einsetzbarkeit hinsichtlich der Zusammensetzung der Ausgangsstoffe.<\/p>\n<p><strong>MME Engineering<\/strong> verf\u00fcgt \u00fcber Know-How f\u00fcr alternative Routen zur Gewinnung von Aluminium aus Wertstoffquellen mit hohen silikatischen Anteilen bzw. mit hohen Eisenkonzentrationen. Mit diesen Verfahren k\u00f6nnen insbesondere Rohstoffe mit geringen Aluminiumkonzentrationen verarbeitet werden. Eine simultane Separation von Eisen und Aluminium stellt einen zentralen Punkt in diesem Verfahren dar.<\/p>\n<p>&nbsp;<\/p>\n<a href=\"\/de\/hydrometallurgyurban-mining\" title=\"Zur\u00fcck zu Hydrometallurgy\/Urban Mining\" class=\"btn btn-default btn-small btn-shortcode\" target=\"_self\"><i class=\"icon-fa fa-arrow-circle-left\"><\/i> Zur\u00fcck zu Hydrometallurgy\/Urban Mining<\/a>\n","protected":false},"excerpt":{"rendered":"<p>Aufarbeitung aluminiumh\u00e4ltiger Ausgangsstoffe Das heutzutage praktisch ausschlie\u00dflich durchgef\u00fchrte Verfahren zur Gewinnung von Aluminium ist das sogenannte Bayer-Verfahren. Bei diesem Prozess wird Bauxit unter Druck mit Natronlauge bei 180\u00b0C aufgeschlossen. Hierbei l\u00f6st sich Aluminium selektiv als Na[Al(OH)4], w\u00e4hrend Eisen als Oxid-Hydrat (Rotschlamm) mittels Filtration abgetrennt wird. Wegen der feinen Verteilung des Niederschlages ist die Filtration oft [&hellip;]<\/p>\n","protected":false},"author":2,"featured_media":0,"parent":69,"menu_order":0,"comment_status":"closed","ping_status":"closed","template":"template_builder.php","meta":{"footnotes":""},"class_list":["post-121","page","type-page","status-publish","hentry"],"aioseo_notices":[],"_links":{"self":[{"href":"https:\/\/www.mme-engineering.at\/de\/wp-json\/wp\/v2\/pages\/121","targetHints":{"allow":["GET"]}}],"collection":[{"href":"https:\/\/www.mme-engineering.at\/de\/wp-json\/wp\/v2\/pages"}],"about":[{"href":"https:\/\/www.mme-engineering.at\/de\/wp-json\/wp\/v2\/types\/page"}],"author":[{"embeddable":true,"href":"https:\/\/www.mme-engineering.at\/de\/wp-json\/wp\/v2\/users\/2"}],"replies":[{"embeddable":true,"href":"https:\/\/www.mme-engineering.at\/de\/wp-json\/wp\/v2\/comments?post=121"}],"version-history":[{"count":23,"href":"https:\/\/www.mme-engineering.at\/de\/wp-json\/wp\/v2\/pages\/121\/revisions"}],"predecessor-version":[{"id":588,"href":"https:\/\/www.mme-engineering.at\/de\/wp-json\/wp\/v2\/pages\/121\/revisions\/588"}],"up":[{"embeddable":true,"href":"https:\/\/www.mme-engineering.at\/de\/wp-json\/wp\/v2\/pages\/69"}],"wp:attachment":[{"href":"https:\/\/www.mme-engineering.at\/de\/wp-json\/wp\/v2\/media?parent=121"}],"curies":[{"name":"wp","href":"https:\/\/api.w.org\/{rel}","templated":true}]}}